{"id":23568,"date":"2025-08-01T17:32:49","date_gmt":"2025-08-01T15:32:49","guid":{"rendered":"https:\/\/uj.adatbank.ro\/lexikon\/termek\/toth-laszlo\/"},"modified":"2025-08-01T17:32:49","modified_gmt":"2025-08-01T15:32:49","slug":"toth-laszlo","status":"publish","type":"product","link":"https:\/\/uj.adatbank.ro\/lexikon\/termek\/toth-laszlo\/","title":{"rendered":"T\u00d3TH L\u00e1szl\u00f3"},"content":{"rendered":"<p>? \u2020 Ny\u00e1r\u00e1dkar\u00e1csonyfalva, 1928. dec.: ref. lelk\u00e9sz. \u2013 Feles\u00e9ge: P\u00e1sztohy Mariska (1871? \u2013 Ny\u00e1r\u00e1dkar\u00e1csonyfalva, 1894. febr. 16.). Fiuk: Ede. \u2013 Ny\u00e1r\u00e1dkar\u00e1csonyfalv\u00e1n szolg\u00e1lt hal\u00e1la el\u0151ttig. Szolg\u00e1lata ideje alatt \u00e9p\u00fclt a v\u00e1mosg\u00e1lfalvi 3. ref. templom (1911). \u2013  <strong>F. m..:<\/strong> Megkondult harangok (Mv., 1906). <br \/><strong>\u2013 Irod.:<\/strong> Gy\u00e1szjelent\u0151; [Nekrol\u00f3g] (Maros, 1928. dec. ?.); Szinnyei, Szinnyei J.<\/br><\/p>\n","protected":false},"excerpt":{"rendered":"<p>? \u2020 Ny\u00e1r\u00e1dkar\u00e1csonyfalva, 1928. dec.: ref. lelk\u00e9sz. \u2013 Feles\u00e9ge: P\u00e1sztohy Mariska (1871? \u2013 Ny\u00e1r\u00e1dkar\u00e1csonyfalva, 1894. febr. 16.). Fiuk: Ede. \u2013 Ny\u00e1r\u00e1dkar\u00e1csonyfalv\u00e1n szolg\u00e1lt hal\u00e1la el\u0151ttig. Szolg\u00e1lata ideje alatt \u00e9p\u00fclt a v\u00e1mosg\u00e1lfalvi 3. ref. templom (1911). \u2013 F. m..: Megkondult harangok (Mv., 1906). \u2013 Irod.: Gy\u00e1szjelent\u0151; [Nekrol\u00f3g] (Maros, 1928. dec. ?.); Szinnyei, Szinnyei J.<\/p>\n","protected":false},"featured_media":0,"comment_status":"open","ping_status":"closed","template":"","meta":[],"product_brand":[],"product_cat":[137],"product_tag":[],"class_list":{"0":"post-23568","1":"product","2":"type-product","3":"status-publish","5":"product_cat-maros-megyei-eletrajzi-lexikon","7":"first","8":"instock","9":"shipping-taxable","10":"product-type-simple"},"_links":{"self":[{"href":"https:\/\/uj.adatbank.ro\/lexikon\/wp-json\/wp\/v2\/product\/23568","targetHints":{"allow":["GET"]}}],"collection":[{"href":"https:\/\/uj.adatbank.ro\/lexikon\/wp-json\/wp\/v2\/product"}],"about":[{"href":"https:\/\/uj.adatbank.ro\/lexikon\/wp-json\/wp\/v2\/types\/product"}],"replies":[{"embeddable":true,"href":"https:\/\/uj.adatbank.ro\/lexikon\/wp-json\/wp\/v2\/comments?post=23568"}],"wp:attachment":[{"href":"https:\/\/uj.adatbank.ro\/lexikon\/wp-json\/wp\/v2\/media?parent=23568"}],"wp:term":[{"taxonomy":"product_brand","embeddable":true,"href":"https:\/\/uj.adatbank.ro\/lexikon\/wp-json\/wp\/v2\/product_brand?post=23568"},{"taxonomy":"product_cat","embeddable":true,"href":"https:\/\/uj.adatbank.ro\/lexikon\/wp-json\/wp\/v2\/product_cat?post=23568"},{"taxonomy":"product_tag","embeddable":true,"href":"https:\/\/uj.adatbank.ro\/lexikon\/wp-json\/wp\/v2\/product_tag?post=23568"}],"curies":[{"name":"wp","href":"https:\/\/api.w.org\/{rel}","templated":true}]}}