{"id":23569,"date":"2025-08-01T17:32:51","date_gmt":"2025-08-01T15:32:51","guid":{"rendered":"https:\/\/uj.adatbank.ro\/lexikon\/termek\/toth-marton\/"},"modified":"2025-08-01T17:32:51","modified_gmt":"2025-08-01T15:32:51","slug":"toth-marton","status":"publish","type":"product","link":"https:\/\/uj.adatbank.ro\/lexikon\/termek\/toth-marton\/","title":{"rendered":"T\u00d3TH M\u00e1rton"},"content":{"rendered":"<p>Szentgerice, 1918. febr.12. \u2020 Sokol\u00f3wka, 1944. aug.11.: honv\u00e9d. \u2013 Anyja: Nagy R\u00f3za. A 27\/III. Z\u00e1szl\u00f3alj honv\u00e9dje. Sz\u00edvl\u00f6v\u00e9s \u00e1ldozata. <br \/><strong>\u2013 Irod.:<\/strong> Berekm\u00e9ri 2015.<\/br><\/p>\n","protected":false},"excerpt":{"rendered":"<p>Szentgerice, 1918. febr.12. \u2020 Sokol\u00f3wka, 1944. aug.11.: honv\u00e9d. \u2013 Anyja: Nagy R\u00f3za. A 27\/III. Z\u00e1szl\u00f3alj honv\u00e9dje. Sz\u00edvl\u00f6v\u00e9s \u00e1ldozata. \u2013 Irod.: Berekm\u00e9ri 2015.<\/p>\n","protected":false},"featured_media":0,"comment_status":"open","ping_status":"closed","template":"","meta":[],"product_brand":[],"product_cat":[137],"product_tag":[],"class_list":{"0":"post-23569","1":"product","2":"type-product","3":"status-publish","5":"product_cat-maros-megyei-eletrajzi-lexikon","7":"first","8":"instock","9":"shipping-taxable","10":"product-type-simple"},"_links":{"self":[{"href":"https:\/\/uj.adatbank.ro\/lexikon\/wp-json\/wp\/v2\/product\/23569","targetHints":{"allow":["GET"]}}],"collection":[{"href":"https:\/\/uj.adatbank.ro\/lexikon\/wp-json\/wp\/v2\/product"}],"about":[{"href":"https:\/\/uj.adatbank.ro\/lexikon\/wp-json\/wp\/v2\/types\/product"}],"replies":[{"embeddable":true,"href":"https:\/\/uj.adatbank.ro\/lexikon\/wp-json\/wp\/v2\/comments?post=23569"}],"wp:attachment":[{"href":"https:\/\/uj.adatbank.ro\/lexikon\/wp-json\/wp\/v2\/media?parent=23569"}],"wp:term":[{"taxonomy":"product_brand","embeddable":true,"href":"https:\/\/uj.adatbank.ro\/lexikon\/wp-json\/wp\/v2\/product_brand?post=23569"},{"taxonomy":"product_cat","embeddable":true,"href":"https:\/\/uj.adatbank.ro\/lexikon\/wp-json\/wp\/v2\/product_cat?post=23569"},{"taxonomy":"product_tag","embeddable":true,"href":"https:\/\/uj.adatbank.ro\/lexikon\/wp-json\/wp\/v2\/product_tag?post=23569"}],"curies":[{"name":"wp","href":"https:\/\/api.w.org\/{rel}","templated":true}]}}