{"id":23572,"date":"2025-08-01T17:32:58","date_gmt":"2025-08-01T15:32:58","guid":{"rendered":"https:\/\/uj.adatbank.ro\/lexikon\/termek\/toth-marton-sovaradjai-2\/"},"modified":"2025-08-01T17:32:58","modified_gmt":"2025-08-01T15:32:58","slug":"toth-marton-sovaradjai-2","status":"publish","type":"product","link":"https:\/\/uj.adatbank.ro\/lexikon\/termek\/toth-marton-sovaradjai-2\/","title":{"rendered":"T\u00d3TH M\u00e1rton, s\u00f3v\u00e1radjai"},"content":{"rendered":"<p>1834. jan. vagy j\u00fan. 21., \u2020 ?: ref. lelk\u00e9sz. \u2013 Feles\u00e9ge: kib\u00e9di P\u00e9terfi M\u00e1ria (1844. ? \u2013 S\u00f3v\u00e1rad, 1885. nov. 12.). Gyermekeik: M\u00e1lvin \u2013 Tavaszi J\u00f3zsefn\u00e9 vajai ref. lelk\u00e9szn\u00e9; Mari, Endre, Sarolta, K\u00e1lm\u00e1n, Ir\u00e9n. \u2013 S\u00f3v\u00e1radi ref. lelk\u00e9sz. <br \/><strong>\u2013 Irod.:<\/strong> Gy\u00e1szjelent\u0151; P\u00e1lmay.<\/br><\/p>\n","protected":false},"excerpt":{"rendered":"<p>1834. jan. vagy j\u00fan. 21., \u2020 ?: ref. lelk\u00e9sz. \u2013 Feles\u00e9ge: kib\u00e9di P\u00e9terfi M\u00e1ria (1844. ? \u2013 S\u00f3v\u00e1rad, 1885. nov. 12.). Gyermekeik: M\u00e1lvin \u2013 Tavaszi J\u00f3zsefn\u00e9 vajai ref. lelk\u00e9szn\u00e9; Mari, Endre, Sarolta, K\u00e1lm\u00e1n, Ir\u00e9n. \u2013 S\u00f3v\u00e1radi ref. lelk\u00e9sz. \u2013 Irod.: Gy\u00e1szjelent\u0151; P\u00e1lmay.<\/p>\n","protected":false},"featured_media":0,"comment_status":"open","ping_status":"closed","template":"","meta":[],"product_brand":[],"product_cat":[137],"product_tag":[],"class_list":{"0":"post-23572","1":"product","2":"type-product","3":"status-publish","5":"product_cat-maros-megyei-eletrajzi-lexikon","7":"first","8":"instock","9":"shipping-taxable","10":"product-type-simple"},"_links":{"self":[{"href":"https:\/\/uj.adatbank.ro\/lexikon\/wp-json\/wp\/v2\/product\/23572","targetHints":{"allow":["GET"]}}],"collection":[{"href":"https:\/\/uj.adatbank.ro\/lexikon\/wp-json\/wp\/v2\/product"}],"about":[{"href":"https:\/\/uj.adatbank.ro\/lexikon\/wp-json\/wp\/v2\/types\/product"}],"replies":[{"embeddable":true,"href":"https:\/\/uj.adatbank.ro\/lexikon\/wp-json\/wp\/v2\/comments?post=23572"}],"wp:attachment":[{"href":"https:\/\/uj.adatbank.ro\/lexikon\/wp-json\/wp\/v2\/media?parent=23572"}],"wp:term":[{"taxonomy":"product_brand","embeddable":true,"href":"https:\/\/uj.adatbank.ro\/lexikon\/wp-json\/wp\/v2\/product_brand?post=23572"},{"taxonomy":"product_cat","embeddable":true,"href":"https:\/\/uj.adatbank.ro\/lexikon\/wp-json\/wp\/v2\/product_cat?post=23572"},{"taxonomy":"product_tag","embeddable":true,"href":"https:\/\/uj.adatbank.ro\/lexikon\/wp-json\/wp\/v2\/product_tag?post=23572"}],"curies":[{"name":"wp","href":"https:\/\/api.w.org\/{rel}","templated":true}]}}