{"id":23573,"date":"2025-08-01T17:32:59","date_gmt":"2025-08-01T15:32:59","guid":{"rendered":"https:\/\/uj.adatbank.ro\/lexikon\/termek\/toth-mihaly\/"},"modified":"2025-08-01T17:32:59","modified_gmt":"2025-08-01T15:32:59","slug":"toth-mihaly","status":"publish","type":"product","link":"https:\/\/uj.adatbank.ro\/lexikon\/termek\/toth-mihaly\/","title":{"rendered":"T\u00d3TH Mih\u00e1ly"},"content":{"rendered":"<p>Ny\u00e1r\u00e1dkar\u00e1csonyfalva 1891., \u2020 ?: gazd\u00e1lkod\u00f3. \u2013 A sz\u00fcl\u0151h\u00e1zn\u00e1l tanult gazd\u00e1lkodni, majd \u00f6n\u00e1ll\u00f3 lett Radn\u00f3tf\u00e1j\u00e1n. A Hitelsz\u00f6v. tagja, egyh\u00e1zi presbiter, a Hangya ig. tagja, a k\u00f6zs\u00e9g kisb\u00edr\u00f3ja volt. <br \/><strong>\u2013 Irod.:<\/strong> Sz\u00e9kelyf\u00f6ld \u00ed. k.<\/br><\/p>\n","protected":false},"excerpt":{"rendered":"<p>Ny\u00e1r\u00e1dkar\u00e1csonyfalva 1891., \u2020 ?: gazd\u00e1lkod\u00f3. \u2013 A sz\u00fcl\u0151h\u00e1zn\u00e1l tanult gazd\u00e1lkodni, majd \u00f6n\u00e1ll\u00f3 lett Radn\u00f3tf\u00e1j\u00e1n. A Hitelsz\u00f6v. tagja, egyh\u00e1zi presbiter, a Hangya ig. tagja, a k\u00f6zs\u00e9g kisb\u00edr\u00f3ja volt. \u2013 Irod.: Sz\u00e9kelyf\u00f6ld \u00ed. k.<\/p>\n","protected":false},"featured_media":0,"comment_status":"open","ping_status":"closed","template":"","meta":[],"product_brand":[],"product_cat":[137],"product_tag":[],"class_list":{"0":"post-23573","1":"product","2":"type-product","3":"status-publish","5":"product_cat-maros-megyei-eletrajzi-lexikon","7":"first","8":"instock","9":"shipping-taxable","10":"product-type-simple"},"_links":{"self":[{"href":"https:\/\/uj.adatbank.ro\/lexikon\/wp-json\/wp\/v2\/product\/23573","targetHints":{"allow":["GET"]}}],"collection":[{"href":"https:\/\/uj.adatbank.ro\/lexikon\/wp-json\/wp\/v2\/product"}],"about":[{"href":"https:\/\/uj.adatbank.ro\/lexikon\/wp-json\/wp\/v2\/types\/product"}],"replies":[{"embeddable":true,"href":"https:\/\/uj.adatbank.ro\/lexikon\/wp-json\/wp\/v2\/comments?post=23573"}],"wp:attachment":[{"href":"https:\/\/uj.adatbank.ro\/lexikon\/wp-json\/wp\/v2\/media?parent=23573"}],"wp:term":[{"taxonomy":"product_brand","embeddable":true,"href":"https:\/\/uj.adatbank.ro\/lexikon\/wp-json\/wp\/v2\/product_brand?post=23573"},{"taxonomy":"product_cat","embeddable":true,"href":"https:\/\/uj.adatbank.ro\/lexikon\/wp-json\/wp\/v2\/product_cat?post=23573"},{"taxonomy":"product_tag","embeddable":true,"href":"https:\/\/uj.adatbank.ro\/lexikon\/wp-json\/wp\/v2\/product_tag?post=23573"}],"curies":[{"name":"wp","href":"https:\/\/api.w.org\/{rel}","templated":true}]}}