{"id":23575,"date":"2025-08-01T17:33:06","date_gmt":"2025-08-01T15:33:06","guid":{"rendered":"https:\/\/uj.adatbank.ro\/lexikon\/termek\/toth-mihaly-jobbagytelk-marosszentgyorgyi\/"},"modified":"2025-08-01T17:33:06","modified_gmt":"2025-08-01T15:33:06","slug":"toth-mihaly-jobbagytelk-marosszentgyorgyi","status":"publish","type":"product","link":"https:\/\/uj.adatbank.ro\/lexikon\/termek\/toth-mihaly-jobbagytelk-marosszentgyorgyi\/","title":{"rendered":"T\u00d3TH Mih\u00e1ly, jobb\u00e1gytelk, marosszentgy\u00f6rgyi"},"content":{"rendered":"<p>? \u2020 Marosszentgy\u00f6rgy, 1623. m\u00e1rc. 16.: f\u0151lov\u00e1szmester, f\u0151kapit\u00e1ny, f\u00f6ldbirtokos. \u2013 Feles\u00e9ge Petki Erzs\u00e9bet (\u2020 1649 k.) Jobb\u00e1gyfalvi unit. csal\u00e1d tagja \u00fcl\u0151padja megtal\u00e1lhat\u00f3 (1675-b\u0151l) a ny\u00e1r\u00e1dszentm\u00e1rtoni templomban. Bethlen G\u00e1bor f\u0151lov\u00e1szmestere a fejedelem k\u00f6vetek\u00e9nt megj\u00e1rta a F\u00e9nyes Port\u00e1t (1618). Marossz\u00e9k f\u0151kapit\u00e1nya. \u00daj adom\u00e1ny keret\u00e9ben sz\u00e1mos birtoka jog\u00e1ban meger\u0151s\u00edtett\u00e9k (1622). V\u00e9grendelet\u00e9ben mindent feles\u00e9g\u00e9re hagyott. <br \/><strong>\u2013 Irod.:<\/strong> Bir\u00f3 Vencel: Erd\u00e9ly k\u00f6vetei a port\u00e1n (Kv., 1921); Gligor R\u00f3bert L\u00e1szl\u00f3: Hazah\u00edv a r\u00f6g\u00f6k szava (Ny\u00e1r\u00e1dszereda, 2000); Mordovin Maxim: A Petki csal\u00e1d \u00e9s Marosszentgy\u00f6rgy = Marosszentgy\u00f6rgy.<\/br><\/p>\n","protected":false},"excerpt":{"rendered":"<p>? \u2020 Marosszentgy\u00f6rgy, 1623. m\u00e1rc. 16.: f\u0151lov\u00e1szmester, f\u0151kapit\u00e1ny, f\u00f6ldbirtokos. \u2013 Feles\u00e9ge Petki Erzs\u00e9bet (\u2020 1649 k.) Jobb\u00e1gyfalvi unit. csal\u00e1d tagja \u00fcl\u0151padja megtal\u00e1lhat\u00f3 (1675-b\u0151l) a ny\u00e1r\u00e1dszentm\u00e1rtoni templomban. Bethlen G\u00e1bor f\u0151lov\u00e1szmestere a fejedelem k\u00f6vetek\u00e9nt megj\u00e1rta a F\u00e9nyes Port\u00e1t (1618). Marossz\u00e9k f\u0151kapit\u00e1nya. \u00daj adom\u00e1ny keret\u00e9ben sz\u00e1mos birtoka jog\u00e1ban meger\u0151s\u00edtett\u00e9k (1622). V\u00e9grendelet\u00e9ben mindent feles\u00e9g\u00e9re hagyott. \u2013 Irod.: Bir\u00f3 Vencel: [&hellip;]<\/p>\n","protected":false},"featured_media":0,"comment_status":"open","ping_status":"closed","template":"","meta":[],"product_brand":[],"product_cat":[137],"product_tag":[],"class_list":{"0":"post-23575","1":"product","2":"type-product","3":"status-publish","5":"product_cat-maros-megyei-eletrajzi-lexikon","7":"first","8":"instock","9":"shipping-taxable","10":"product-type-simple"},"_links":{"self":[{"href":"https:\/\/uj.adatbank.ro\/lexikon\/wp-json\/wp\/v2\/product\/23575","targetHints":{"allow":["GET"]}}],"collection":[{"href":"https:\/\/uj.adatbank.ro\/lexikon\/wp-json\/wp\/v2\/product"}],"about":[{"href":"https:\/\/uj.adatbank.ro\/lexikon\/wp-json\/wp\/v2\/types\/product"}],"replies":[{"embeddable":true,"href":"https:\/\/uj.adatbank.ro\/lexikon\/wp-json\/wp\/v2\/comments?post=23575"}],"wp:attachment":[{"href":"https:\/\/uj.adatbank.ro\/lexikon\/wp-json\/wp\/v2\/media?parent=23575"}],"wp:term":[{"taxonomy":"product_brand","embeddable":true,"href":"https:\/\/uj.adatbank.ro\/lexikon\/wp-json\/wp\/v2\/product_brand?post=23575"},{"taxonomy":"product_cat","embeddable":true,"href":"https:\/\/uj.adatbank.ro\/lexikon\/wp-json\/wp\/v2\/product_cat?post=23575"},{"taxonomy":"product_tag","embeddable":true,"href":"https:\/\/uj.adatbank.ro\/lexikon\/wp-json\/wp\/v2\/product_tag?post=23575"}],"curies":[{"name":"wp","href":"https:\/\/api.w.org\/{rel}","templated":true}]}}