{"id":23576,"date":"2025-08-01T17:33:09","date_gmt":"2025-08-01T15:33:09","guid":{"rendered":"https:\/\/uj.adatbank.ro\/lexikon\/termek\/toth-mihaly-marosszentgyorgyi\/"},"modified":"2025-08-01T17:33:09","modified_gmt":"2025-08-01T15:33:09","slug":"toth-mihaly-marosszentgyorgyi","status":"publish","type":"product","link":"https:\/\/uj.adatbank.ro\/lexikon\/termek\/toth-mihaly-marosszentgyorgyi\/","title":{"rendered":"T\u00d3TH Mih\u00e1ly, marosszentgy\u00f6rgyi"},"content":{"rendered":"<p>? \u2020 Marosszentgy\u00f6rgy, 1675. f\u00f6ldbirtokos. \u2013 I.Apafi Mih\u00e1ly sz\u00e1z katona ki\u00e1ll\u00edt\u00e1s\u00e1t k\u00f6vetelte, amit megtagadott. Ez\u00e9rt a fejedelem kiv\u00e9geztette a marosszentgy\u00f6rgyi kast\u00e9ly kertj\u00e9ben (1675). <br \/><strong>\u2013 Irod.:<\/strong> Fekete; Nagy-Bod\u00f3 Tibor: A Petki\u2013M\u00e1riaffy-kast\u00e9ly (K\u00f6zpont, 2016. j\u00fal. 21\u201327.); Nagy-Bod\u00f3 Tibor: M\u00falt \u00e9s jelen tal\u00e1lkoz\u00e1sa (N\u00fa., 2022 m\u00e1rc. 4.).<\/br><\/p>\n","protected":false},"excerpt":{"rendered":"<p>? \u2020 Marosszentgy\u00f6rgy, 1675. f\u00f6ldbirtokos. \u2013 I.Apafi Mih\u00e1ly sz\u00e1z katona ki\u00e1ll\u00edt\u00e1s\u00e1t k\u00f6vetelte, amit megtagadott. Ez\u00e9rt a fejedelem kiv\u00e9geztette a marosszentgy\u00f6rgyi kast\u00e9ly kertj\u00e9ben (1675). \u2013 Irod.: Fekete; Nagy-Bod\u00f3 Tibor: A Petki\u2013M\u00e1riaffy-kast\u00e9ly (K\u00f6zpont, 2016. j\u00fal. 21\u201327.); Nagy-Bod\u00f3 Tibor: M\u00falt \u00e9s jelen tal\u00e1lkoz\u00e1sa (N\u00fa., 2022 m\u00e1rc. 4.).<\/p>\n","protected":false},"featured_media":0,"comment_status":"open","ping_status":"closed","template":"","meta":[],"product_brand":[],"product_cat":[137],"product_tag":[],"class_list":{"0":"post-23576","1":"product","2":"type-product","3":"status-publish","5":"product_cat-maros-megyei-eletrajzi-lexikon","7":"first","8":"instock","9":"shipping-taxable","10":"product-type-simple"},"_links":{"self":[{"href":"https:\/\/uj.adatbank.ro\/lexikon\/wp-json\/wp\/v2\/product\/23576","targetHints":{"allow":["GET"]}}],"collection":[{"href":"https:\/\/uj.adatbank.ro\/lexikon\/wp-json\/wp\/v2\/product"}],"about":[{"href":"https:\/\/uj.adatbank.ro\/lexikon\/wp-json\/wp\/v2\/types\/product"}],"replies":[{"embeddable":true,"href":"https:\/\/uj.adatbank.ro\/lexikon\/wp-json\/wp\/v2\/comments?post=23576"}],"wp:attachment":[{"href":"https:\/\/uj.adatbank.ro\/lexikon\/wp-json\/wp\/v2\/media?parent=23576"}],"wp:term":[{"taxonomy":"product_brand","embeddable":true,"href":"https:\/\/uj.adatbank.ro\/lexikon\/wp-json\/wp\/v2\/product_brand?post=23576"},{"taxonomy":"product_cat","embeddable":true,"href":"https:\/\/uj.adatbank.ro\/lexikon\/wp-json\/wp\/v2\/product_cat?post=23576"},{"taxonomy":"product_tag","embeddable":true,"href":"https:\/\/uj.adatbank.ro\/lexikon\/wp-json\/wp\/v2\/product_tag?post=23576"}],"curies":[{"name":"wp","href":"https:\/\/api.w.org\/{rel}","templated":true}]}}