{"id":23578,"date":"2025-08-01T17:33:12","date_gmt":"2025-08-01T15:33:12","guid":{"rendered":"https:\/\/uj.adatbank.ro\/lexikon\/termek\/toth-pal\/"},"modified":"2025-08-01T17:33:12","modified_gmt":"2025-08-01T15:33:12","slug":"toth-pal","status":"publish","type":"product","link":"https:\/\/uj.adatbank.ro\/lexikon\/termek\/toth-pal\/","title":{"rendered":"T\u00d3TH P\u00e1l"},"content":{"rendered":"<p>Nagyadorj\u00e1n, 1893., \u2020 ?: gazd\u00e1lkod\u00f3. \u2013 \u00c9desapj\u00e1t\u00f3l tanulta a mesters\u00e9get, \u00f6n\u00e1ll\u00f3 gazda (1888), 20 hold f\u00f6ld\u00f6n foglalkozik \u0151stermel\u00e9ssel \u00e9s \u00e1llatteny\u00e9szt\u00e9ssel. K\u00f6zs\u00e9gi b\u00edr\u00f3, megyeb\u00edr\u00f3 volt. <br \/><strong>\u2013 Irod.:<\/strong> Sz\u00e9kelyf\u00f6ld \u00ed. k.<\/br><\/p>\n","protected":false},"excerpt":{"rendered":"<p>Nagyadorj\u00e1n, 1893., \u2020 ?: gazd\u00e1lkod\u00f3. \u2013 \u00c9desapj\u00e1t\u00f3l tanulta a mesters\u00e9get, \u00f6n\u00e1ll\u00f3 gazda (1888), 20 hold f\u00f6ld\u00f6n foglalkozik \u0151stermel\u00e9ssel \u00e9s \u00e1llatteny\u00e9szt\u00e9ssel. K\u00f6zs\u00e9gi b\u00edr\u00f3, megyeb\u00edr\u00f3 volt. \u2013 Irod.: Sz\u00e9kelyf\u00f6ld \u00ed. k.<\/p>\n","protected":false},"featured_media":0,"comment_status":"open","ping_status":"closed","template":"","meta":[],"product_brand":[],"product_cat":[137],"product_tag":[],"class_list":{"0":"post-23578","1":"product","2":"type-product","3":"status-publish","5":"product_cat-maros-megyei-eletrajzi-lexikon","7":"first","8":"instock","9":"shipping-taxable","10":"product-type-simple"},"_links":{"self":[{"href":"https:\/\/uj.adatbank.ro\/lexikon\/wp-json\/wp\/v2\/product\/23578","targetHints":{"allow":["GET"]}}],"collection":[{"href":"https:\/\/uj.adatbank.ro\/lexikon\/wp-json\/wp\/v2\/product"}],"about":[{"href":"https:\/\/uj.adatbank.ro\/lexikon\/wp-json\/wp\/v2\/types\/product"}],"replies":[{"embeddable":true,"href":"https:\/\/uj.adatbank.ro\/lexikon\/wp-json\/wp\/v2\/comments?post=23578"}],"wp:attachment":[{"href":"https:\/\/uj.adatbank.ro\/lexikon\/wp-json\/wp\/v2\/media?parent=23578"}],"wp:term":[{"taxonomy":"product_brand","embeddable":true,"href":"https:\/\/uj.adatbank.ro\/lexikon\/wp-json\/wp\/v2\/product_brand?post=23578"},{"taxonomy":"product_cat","embeddable":true,"href":"https:\/\/uj.adatbank.ro\/lexikon\/wp-json\/wp\/v2\/product_cat?post=23578"},{"taxonomy":"product_tag","embeddable":true,"href":"https:\/\/uj.adatbank.ro\/lexikon\/wp-json\/wp\/v2\/product_tag?post=23578"}],"curies":[{"name":"wp","href":"https:\/\/api.w.org\/{rel}","templated":true}]}}