{"id":23579,"date":"2025-08-01T17:33:16","date_gmt":"2025-08-01T15:33:16","guid":{"rendered":"https:\/\/uj.adatbank.ro\/lexikon\/termek\/toth-pal-nyaradkaracsonyfalvi\/"},"modified":"2025-08-01T17:33:16","modified_gmt":"2025-08-01T15:33:16","slug":"toth-pal-nyaradkaracsonyfalvi","status":"publish","type":"product","link":"https:\/\/uj.adatbank.ro\/lexikon\/termek\/toth-pal-nyaradkaracsonyfalvi\/","title":{"rendered":"T\u00d3TH P\u00e1l, ny\u00e1r\u00e1dkar\u00e1csonyfalvi"},"content":{"rendered":"<p>? \u2020 ?: nemes. \u2013 II. J\u00f3zsef kor\u00e1ban Marossz\u00e9k f\u0151jegyz\u0151je, t\u00e1blai \u00fcln\u00f6k. Tudom\u00e1nyos ember volt, tekint\u00e9lyes f\u00e9rfiakkal \u00e1llt levelez\u00e9sben, a levelek a forradalomban elvesztek. <br \/><strong>\u2013 Irod.:<\/strong> Nagy Iv\u00e1n; P\u00e1lmay.<\/br><\/p>\n","protected":false},"excerpt":{"rendered":"<p>? \u2020 ?: nemes. \u2013 II. J\u00f3zsef kor\u00e1ban Marossz\u00e9k f\u0151jegyz\u0151je, t\u00e1blai \u00fcln\u00f6k. Tudom\u00e1nyos ember volt, tekint\u00e9lyes f\u00e9rfiakkal \u00e1llt levelez\u00e9sben, a levelek a forradalomban elvesztek. \u2013 Irod.: Nagy Iv\u00e1n; P\u00e1lmay.<\/p>\n","protected":false},"featured_media":0,"comment_status":"open","ping_status":"closed","template":"","meta":[],"product_brand":[],"product_cat":[137],"product_tag":[],"class_list":{"0":"post-23579","1":"product","2":"type-product","3":"status-publish","5":"product_cat-maros-megyei-eletrajzi-lexikon","7":"first","8":"instock","9":"shipping-taxable","10":"product-type-simple"},"_links":{"self":[{"href":"https:\/\/uj.adatbank.ro\/lexikon\/wp-json\/wp\/v2\/product\/23579","targetHints":{"allow":["GET"]}}],"collection":[{"href":"https:\/\/uj.adatbank.ro\/lexikon\/wp-json\/wp\/v2\/product"}],"about":[{"href":"https:\/\/uj.adatbank.ro\/lexikon\/wp-json\/wp\/v2\/types\/product"}],"replies":[{"embeddable":true,"href":"https:\/\/uj.adatbank.ro\/lexikon\/wp-json\/wp\/v2\/comments?post=23579"}],"wp:attachment":[{"href":"https:\/\/uj.adatbank.ro\/lexikon\/wp-json\/wp\/v2\/media?parent=23579"}],"wp:term":[{"taxonomy":"product_brand","embeddable":true,"href":"https:\/\/uj.adatbank.ro\/lexikon\/wp-json\/wp\/v2\/product_brand?post=23579"},{"taxonomy":"product_cat","embeddable":true,"href":"https:\/\/uj.adatbank.ro\/lexikon\/wp-json\/wp\/v2\/product_cat?post=23579"},{"taxonomy":"product_tag","embeddable":true,"href":"https:\/\/uj.adatbank.ro\/lexikon\/wp-json\/wp\/v2\/product_tag?post=23579"}],"curies":[{"name":"wp","href":"https:\/\/api.w.org\/{rel}","templated":true}]}}