{"id":23581,"date":"2025-08-01T17:33:20","date_gmt":"2025-08-01T15:33:20","guid":{"rendered":"https:\/\/uj.adatbank.ro\/lexikon\/termek\/toth-pal-jozsef-2\/"},"modified":"2025-08-01T17:33:20","modified_gmt":"2025-08-01T15:33:20","slug":"toth-pal-jozsef-2","status":"publish","type":"product","link":"https:\/\/uj.adatbank.ro\/lexikon\/termek\/toth-pal-jozsef-2\/","title":{"rendered":"T\u00d3TH P\u00e1l J\u00f3zsef"},"content":{"rendered":"<p>? \u2020 ?: sportol\u00f3. \u2013 A mv.-i Iskol\u00e1s Sportklub a polg\u00e1rmesteri hivatallal k\u00f6z\u00f6sen szervezte (2002\u2013) meg a T\u00f3th P\u00e1l J\u00f3zsef-eml\u00e9kversenyt (7. alkalom, 2009). Az \u00fasz\u00f3csapat edz\u0151je. <br \/><strong>\u2013 Irod.:<\/strong> Kl\u00f3sz\u2013Tolok\u00e1n; T\u00f3th P\u00e1l J\u00f3zsef-eml\u00e9kverseny (N\u00fa., 2009. m\u00e1j. 18.).<\/br><\/p>\n","protected":false},"excerpt":{"rendered":"<p>? \u2020 ?: sportol\u00f3. \u2013 A mv.-i Iskol\u00e1s Sportklub a polg\u00e1rmesteri hivatallal k\u00f6z\u00f6sen szervezte (2002\u2013) meg a T\u00f3th P\u00e1l J\u00f3zsef-eml\u00e9kversenyt (7. alkalom, 2009). Az \u00fasz\u00f3csapat edz\u0151je. \u2013 Irod.: Kl\u00f3sz\u2013Tolok\u00e1n; T\u00f3th P\u00e1l J\u00f3zsef-eml\u00e9kverseny (N\u00fa., 2009. m\u00e1j. 18.).<\/p>\n","protected":false},"featured_media":0,"comment_status":"open","ping_status":"closed","template":"","meta":[],"product_brand":[],"product_cat":[137],"product_tag":[],"class_list":{"0":"post-23581","1":"product","2":"type-product","3":"status-publish","5":"product_cat-maros-megyei-eletrajzi-lexikon","7":"first","8":"instock","9":"shipping-taxable","10":"product-type-simple"},"_links":{"self":[{"href":"https:\/\/uj.adatbank.ro\/lexikon\/wp-json\/wp\/v2\/product\/23581","targetHints":{"allow":["GET"]}}],"collection":[{"href":"https:\/\/uj.adatbank.ro\/lexikon\/wp-json\/wp\/v2\/product"}],"about":[{"href":"https:\/\/uj.adatbank.ro\/lexikon\/wp-json\/wp\/v2\/types\/product"}],"replies":[{"embeddable":true,"href":"https:\/\/uj.adatbank.ro\/lexikon\/wp-json\/wp\/v2\/comments?post=23581"}],"wp:attachment":[{"href":"https:\/\/uj.adatbank.ro\/lexikon\/wp-json\/wp\/v2\/media?parent=23581"}],"wp:term":[{"taxonomy":"product_brand","embeddable":true,"href":"https:\/\/uj.adatbank.ro\/lexikon\/wp-json\/wp\/v2\/product_brand?post=23581"},{"taxonomy":"product_cat","embeddable":true,"href":"https:\/\/uj.adatbank.ro\/lexikon\/wp-json\/wp\/v2\/product_cat?post=23581"},{"taxonomy":"product_tag","embeddable":true,"href":"https:\/\/uj.adatbank.ro\/lexikon\/wp-json\/wp\/v2\/product_tag?post=23581"}],"curies":[{"name":"wp","href":"https:\/\/api.w.org\/{rel}","templated":true}]}}