{"id":23582,"date":"2025-08-01T17:33:22","date_gmt":"2025-08-01T15:33:22","guid":{"rendered":"https:\/\/uj.adatbank.ro\/lexikon\/termek\/toth-sandor\/"},"modified":"2025-08-01T17:33:22","modified_gmt":"2025-08-01T15:33:22","slug":"toth-sandor","status":"publish","type":"product","link":"https:\/\/uj.adatbank.ro\/lexikon\/termek\/toth-sandor\/","title":{"rendered":"T\u00d3TH S\u00e1ndor"},"content":{"rendered":"<p>Mez\u0151fele, 1872., \u2020 ?: gazd\u00e1lkod\u00f3. \u2013 \u00d6n\u00e1ll\u00f3an gazd\u00e1lkodott (1900\u2013). Az els\u0151 vh.-ban a 2. husz\u00e1rezredben az orosz fronton harcolt, a K\u00e1roly Csapatkereszt kit\u00fcntet\u00e9st kapta. A Sz\u00f6vetkezet ig. tagja, ref. egyh\u00e1zmegyei presbiter, egyh\u00e1zi gondnok, k\u00f6zs\u00e9gi b\u00edr\u00f3, a MP tagja volt. <br \/><strong>\u2013 Irod.:<\/strong> Sz\u00e9kelyf\u00f6ld \u00ed. k.<\/br><\/p>\n","protected":false},"excerpt":{"rendered":"<p>Mez\u0151fele, 1872., \u2020 ?: gazd\u00e1lkod\u00f3. \u2013 \u00d6n\u00e1ll\u00f3an gazd\u00e1lkodott (1900\u2013). Az els\u0151 vh.-ban a 2. husz\u00e1rezredben az orosz fronton harcolt, a K\u00e1roly Csapatkereszt kit\u00fcntet\u00e9st kapta. A Sz\u00f6vetkezet ig. tagja, ref. egyh\u00e1zmegyei presbiter, egyh\u00e1zi gondnok, k\u00f6zs\u00e9gi b\u00edr\u00f3, a MP tagja volt. \u2013 Irod.: Sz\u00e9kelyf\u00f6ld \u00ed. k.<\/p>\n","protected":false},"featured_media":0,"comment_status":"open","ping_status":"closed","template":"","meta":[],"product_brand":[],"product_cat":[137],"product_tag":[],"class_list":{"0":"post-23582","1":"product","2":"type-product","3":"status-publish","5":"product_cat-maros-megyei-eletrajzi-lexikon","7":"first","8":"instock","9":"shipping-taxable","10":"product-type-simple"},"_links":{"self":[{"href":"https:\/\/uj.adatbank.ro\/lexikon\/wp-json\/wp\/v2\/product\/23582","targetHints":{"allow":["GET"]}}],"collection":[{"href":"https:\/\/uj.adatbank.ro\/lexikon\/wp-json\/wp\/v2\/product"}],"about":[{"href":"https:\/\/uj.adatbank.ro\/lexikon\/wp-json\/wp\/v2\/types\/product"}],"replies":[{"embeddable":true,"href":"https:\/\/uj.adatbank.ro\/lexikon\/wp-json\/wp\/v2\/comments?post=23582"}],"wp:attachment":[{"href":"https:\/\/uj.adatbank.ro\/lexikon\/wp-json\/wp\/v2\/media?parent=23582"}],"wp:term":[{"taxonomy":"product_brand","embeddable":true,"href":"https:\/\/uj.adatbank.ro\/lexikon\/wp-json\/wp\/v2\/product_brand?post=23582"},{"taxonomy":"product_cat","embeddable":true,"href":"https:\/\/uj.adatbank.ro\/lexikon\/wp-json\/wp\/v2\/product_cat?post=23582"},{"taxonomy":"product_tag","embeddable":true,"href":"https:\/\/uj.adatbank.ro\/lexikon\/wp-json\/wp\/v2\/product_tag?post=23582"}],"curies":[{"name":"wp","href":"https:\/\/api.w.org\/{rel}","templated":true}]}}