{"id":23587,"date":"2025-08-01T17:33:33","date_gmt":"2025-08-01T15:33:33","guid":{"rendered":"https:\/\/uj.adatbank.ro\/lexikon\/termek\/toth-sandor-jozsef-alneve-dr-hans-otto\/"},"modified":"2025-08-01T17:33:33","modified_gmt":"2025-08-01T15:33:33","slug":"toth-sandor-jozsef-alneve-dr-hans-otto","status":"publish","type":"product","link":"https:\/\/uj.adatbank.ro\/lexikon\/termek\/toth-sandor-jozsef-alneve-dr-hans-otto\/","title":{"rendered":"T\u00d3TH S\u00e1ndor J\u00f3zsef, \u00e1lneve: Dr. Hans Otto"},"content":{"rendered":"<p>Mv., 1931. aug. 29., \u2020 Mv., 2000. m\u00e1rc. 10.: fizikus, egyetemi tan\u00e1r. \u2013 Mv.-en a ferencrendi bar\u00e1tok elemi iskol\u00e1ja (1938\u201342), a II. R\u00e1k\u00f3czi Ferenc Fi\u00fagimn\u00e1zium (1942\u201348), a Bolyai Farkas L\u00edc. tanul\u00f3ja, \u00e9retts\u00e9gizett (1952), k\u00f6zben zenei tanulm\u00e1nyokat is folytatott. Mv.-en a Filharm\u00f3nia zenekar\u00e1ban trombit\u00e1s (1950\u201351). Kv.-on a BTE matematika-fizika szak\u00e1n szerzett oklevelet (1951\u201358). Temesv\u00e1ron doktor\u00e1lt (1982). Mv.-en az Unirea = Egyes\u00fcl\u00e9s L\u00edc. tan\u00e1ra (1957\u201360); a Tan\u00e1rk\u00e9pz\u0151 F\u0151iskola tan\u00e1rseg\u00e9de (1960\u201364), adjunktus (1964\u201383); A Metalotechnika Ipari L\u00edceum tan\u00e1ra (1983\u201385); a temesv\u00e1ri M\u0171szaki F\u0151iskola tudom\u00e1nyos f\u0151munkat\u00e1rsa, el\u0151ad\u00f3tan\u00e1r, betegnyugd\u00edjba vonul\u00e1s\u00e1ig (1985\u201387). A Matematika-Fizika T\u00e1rsas\u00e1g tagja (1952\u201390). Mv. v\u00e1rosi sakkbajnok (1950). A Hargita Isk. SE asztalitenisz edz\u0151je (1959\u201363). Temesv\u00e1ron mint jazztrombit\u00e1s a Di\u00e1kfesztiv\u00e1lon I. d\u00edjat kapott (1970). Torzi\u00f3s m\u00e9rleg\u00e9t, goly\u00f3s szimul\u00e1tor\u00e1t, Coriolis-er\u0151t bemutat\u00f3 laborat\u00f3riumi eszk\u00f6zeit \u00faj\u00edt\u00e1si d\u00edjjal jutalmazt\u00e1k (1974). \u201eS\u201d t\u00edpus\u00fa heged\u0171grundj\u00e1\u00e9rt feltal\u00e1l\u00f3i oklevelet kapott (1975). Kutat\u00e1si ter\u00fclete: akusztika, elm\u00e9leti fizika, elm\u00e9leti mechanika. Az elm\u00e9leti fizikai, akusztikai tanulm\u00e1nyait, cikkeit a STUBB, Revista de fizic\u0103 \u015fi chimie, Matematikai \u00e9s Fizikai Lapok, Fizikai Szemle, Studii \u015fi cercet\u0103ri de fizic\u0103, Industria lemnului k\u00f6z\u00f6lte. \u2013  <strong>F. m..:<\/strong> Mechanika, h\u0151tan \u00e9s molekul\u00e1ris fizika, hangtan: Laborat\u00f3riumi gyakorlatok. 1\u20132. k\u00f6t. (Mv., 1970, 1983); Fizika, mechanika, akusztika \u00e9s h\u0151tan (Buk., \u00e9.n.), Mecanic\u0103 fizic\u0103, acustica \u015fi termotehnica (Buk., 1976); Fizika: F\u0151iskolai jegyzet (Mv., 1982); Az erd\u00e9lyi matematika t\u00f6rt\u00e9nete (Kriterion, 2005). <br \/><strong>\u2013 Irod.:<\/strong> Kusz\u00e1lik; [Nekrol\u00f3g] (N\u00fa., 2000., m\u00e1rc. 11.); RMIL; Viharban.<\/br><\/p>\n","protected":false},"excerpt":{"rendered":"<p>Mv., 1931. aug. 29., \u2020 Mv., 2000. m\u00e1rc. 10.: fizikus, egyetemi tan\u00e1r. \u2013 Mv.-en a ferencrendi bar\u00e1tok elemi iskol\u00e1ja (1938\u201342), a II. R\u00e1k\u00f3czi Ferenc Fi\u00fagimn\u00e1zium (1942\u201348), a Bolyai Farkas L\u00edc. tanul\u00f3ja, \u00e9retts\u00e9gizett (1952), k\u00f6zben zenei tanulm\u00e1nyokat is folytatott. Mv.-en a Filharm\u00f3nia zenekar\u00e1ban trombit\u00e1s (1950\u201351). Kv.-on a BTE matematika-fizika szak\u00e1n szerzett oklevelet (1951\u201358). Temesv\u00e1ron doktor\u00e1lt (1982). [&hellip;]<\/p>\n","protected":false},"featured_media":0,"comment_status":"open","ping_status":"closed","template":"","meta":[],"product_brand":[],"product_cat":[137],"product_tag":[],"class_list":{"0":"post-23587","1":"product","2":"type-product","3":"status-publish","5":"product_cat-maros-megyei-eletrajzi-lexikon","7":"first","8":"instock","9":"shipping-taxable","10":"product-type-simple"},"_links":{"self":[{"href":"https:\/\/uj.adatbank.ro\/lexikon\/wp-json\/wp\/v2\/product\/23587","targetHints":{"allow":["GET"]}}],"collection":[{"href":"https:\/\/uj.adatbank.ro\/lexikon\/wp-json\/wp\/v2\/product"}],"about":[{"href":"https:\/\/uj.adatbank.ro\/lexikon\/wp-json\/wp\/v2\/types\/product"}],"replies":[{"embeddable":true,"href":"https:\/\/uj.adatbank.ro\/lexikon\/wp-json\/wp\/v2\/comments?post=23587"}],"wp:attachment":[{"href":"https:\/\/uj.adatbank.ro\/lexikon\/wp-json\/wp\/v2\/media?parent=23587"}],"wp:term":[{"taxonomy":"product_brand","embeddable":true,"href":"https:\/\/uj.adatbank.ro\/lexikon\/wp-json\/wp\/v2\/product_brand?post=23587"},{"taxonomy":"product_cat","embeddable":true,"href":"https:\/\/uj.adatbank.ro\/lexikon\/wp-json\/wp\/v2\/product_cat?post=23587"},{"taxonomy":"product_tag","embeddable":true,"href":"https:\/\/uj.adatbank.ro\/lexikon\/wp-json\/wp\/v2\/product_tag?post=23587"}],"curies":[{"name":"wp","href":"https:\/\/api.w.org\/{rel}","templated":true}]}}