{"id":23588,"date":"2025-08-01T17:33:38","date_gmt":"2025-08-01T15:33:38","guid":{"rendered":"https:\/\/uj.adatbank.ro\/lexikon\/termek\/toth-sebestyen-matyas-p\/"},"modified":"2025-08-01T17:33:38","modified_gmt":"2025-08-01T15:33:38","slug":"toth-sebestyen-matyas-p","status":"publish","type":"product","link":"https:\/\/uj.adatbank.ro\/lexikon\/termek\/toth-sebestyen-matyas-p\/","title":{"rendered":"T\u00d3TH Sebesty\u00e9n M\u00e1ty\u00e1s, P."},"content":{"rendered":"<p>Cs\u00edkszentkir\u00e1ly, 1726., \u2020 Mikh\u00e1za, 1779. febr. 6.: ferences szerzetes. \u2013 Be\u00f6lt\u00f6z\u00f6tt (1747. szept. 8.), felszentelt\u00e9k (1752. dec. 23.). <br \/><strong>\u2013 Irod.:<\/strong> Gy\u00f6rgy: A ferencrendiek.<\/br><\/p>\n","protected":false},"excerpt":{"rendered":"<p>Cs\u00edkszentkir\u00e1ly, 1726., \u2020 Mikh\u00e1za, 1779. febr. 6.: ferences szerzetes. \u2013 Be\u00f6lt\u00f6z\u00f6tt (1747. szept. 8.), felszentelt\u00e9k (1752. dec. 23.). \u2013 Irod.: Gy\u00f6rgy: A ferencrendiek.<\/p>\n","protected":false},"featured_media":0,"comment_status":"open","ping_status":"closed","template":"","meta":[],"product_brand":[],"product_cat":[137],"product_tag":[],"class_list":{"0":"post-23588","1":"product","2":"type-product","3":"status-publish","5":"product_cat-maros-megyei-eletrajzi-lexikon","7":"first","8":"instock","9":"shipping-taxable","10":"product-type-simple"},"_links":{"self":[{"href":"https:\/\/uj.adatbank.ro\/lexikon\/wp-json\/wp\/v2\/product\/23588","targetHints":{"allow":["GET"]}}],"collection":[{"href":"https:\/\/uj.adatbank.ro\/lexikon\/wp-json\/wp\/v2\/product"}],"about":[{"href":"https:\/\/uj.adatbank.ro\/lexikon\/wp-json\/wp\/v2\/types\/product"}],"replies":[{"embeddable":true,"href":"https:\/\/uj.adatbank.ro\/lexikon\/wp-json\/wp\/v2\/comments?post=23588"}],"wp:attachment":[{"href":"https:\/\/uj.adatbank.ro\/lexikon\/wp-json\/wp\/v2\/media?parent=23588"}],"wp:term":[{"taxonomy":"product_brand","embeddable":true,"href":"https:\/\/uj.adatbank.ro\/lexikon\/wp-json\/wp\/v2\/product_brand?post=23588"},{"taxonomy":"product_cat","embeddable":true,"href":"https:\/\/uj.adatbank.ro\/lexikon\/wp-json\/wp\/v2\/product_cat?post=23588"},{"taxonomy":"product_tag","embeddable":true,"href":"https:\/\/uj.adatbank.ro\/lexikon\/wp-json\/wp\/v2\/product_tag?post=23588"}],"curies":[{"name":"wp","href":"https:\/\/api.w.org\/{rel}","templated":true}]}}