{"id":23592,"date":"2025-08-01T17:33:47","date_gmt":"2025-08-01T15:33:47","guid":{"rendered":"https:\/\/uj.adatbank.ro\/lexikon\/termek\/tothfalusi-jozsef-2\/"},"modified":"2025-08-01T17:33:47","modified_gmt":"2025-08-01T15:33:47","slug":"tothfalusi-jozsef-2","status":"publish","type":"product","link":"https:\/\/uj.adatbank.ro\/lexikon\/termek\/tothfalusi-jozsef-2\/","title":{"rendered":"T\u00d3THFALUSI J\u00f3zsef"},"content":{"rendered":"<p>? \u2020 ?: vez\u00e9rigazgat\u00f3. \u2013 A K\u00f6zhaszn\u00fa Takar\u00e9kp\u00e9nzt\u00e1r R. T. Mv. vez\u00e9rigazgat\u00f3ja (1929). A Hitelsz\u00f6vetkezetk\u00e9nt alakult v\u00e1llalat r\u00e9szv\u00e9nyt\u00e1rsas\u00e1g lett (1909), a re\u00e1lis \u00fczletvezet\u00e9s folyt\u00e1n lass\u00fa fejl\u0151d\u00e9ssel biztos\u00edtotta hely\u00e9t a mv.-i p\u00e9nzint\u00e9zetek sor\u00e1ban. Nem t\u00f6rekedett kock\u00e1zatos \u00fczletek k\u00f6t\u00e9s\u00e9vel n\u00f6velni \u00f6sszforgalm\u00e1t, hanem biztos kihelyez\u00e9sekkel er\u0151s\u00edtette azt a bizalmat, amit \u00e9vtizedes becs\u00fcletes munk\u00e1val szerzett. A vez\u00e9rigazgat\u00f3 k\u00f6r\u00fcltekint\u0151 \u00e9s szakszer\u0171 vezet\u00e9s\u00e9t dics\u00e9ri az el\u00e9rt \u00fczleti eredm\u00e9ny. <br \/><strong>\u2013 Irod.:<\/strong> EBKL.<\/br><\/p>\n","protected":false},"excerpt":{"rendered":"<p>? \u2020 ?: vez\u00e9rigazgat\u00f3. \u2013 A K\u00f6zhaszn\u00fa Takar\u00e9kp\u00e9nzt\u00e1r R. T. Mv. vez\u00e9rigazgat\u00f3ja (1929). A Hitelsz\u00f6vetkezetk\u00e9nt alakult v\u00e1llalat r\u00e9szv\u00e9nyt\u00e1rsas\u00e1g lett (1909), a re\u00e1lis \u00fczletvezet\u00e9s folyt\u00e1n lass\u00fa fejl\u0151d\u00e9ssel biztos\u00edtotta hely\u00e9t a mv.-i p\u00e9nzint\u00e9zetek sor\u00e1ban. Nem t\u00f6rekedett kock\u00e1zatos \u00fczletek k\u00f6t\u00e9s\u00e9vel n\u00f6velni \u00f6sszforgalm\u00e1t, hanem biztos kihelyez\u00e9sekkel er\u0151s\u00edtette azt a bizalmat, amit \u00e9vtizedes becs\u00fcletes munk\u00e1val szerzett. A vez\u00e9rigazgat\u00f3 k\u00f6r\u00fcltekint\u0151 \u00e9s [&hellip;]<\/p>\n","protected":false},"featured_media":0,"comment_status":"open","ping_status":"closed","template":"","meta":[],"product_brand":[],"product_cat":[137],"product_tag":[],"class_list":{"0":"post-23592","1":"product","2":"type-product","3":"status-publish","5":"product_cat-maros-megyei-eletrajzi-lexikon","7":"first","8":"instock","9":"shipping-taxable","10":"product-type-simple"},"_links":{"self":[{"href":"https:\/\/uj.adatbank.ro\/lexikon\/wp-json\/wp\/v2\/product\/23592","targetHints":{"allow":["GET"]}}],"collection":[{"href":"https:\/\/uj.adatbank.ro\/lexikon\/wp-json\/wp\/v2\/product"}],"about":[{"href":"https:\/\/uj.adatbank.ro\/lexikon\/wp-json\/wp\/v2\/types\/product"}],"replies":[{"embeddable":true,"href":"https:\/\/uj.adatbank.ro\/lexikon\/wp-json\/wp\/v2\/comments?post=23592"}],"wp:attachment":[{"href":"https:\/\/uj.adatbank.ro\/lexikon\/wp-json\/wp\/v2\/media?parent=23592"}],"wp:term":[{"taxonomy":"product_brand","embeddable":true,"href":"https:\/\/uj.adatbank.ro\/lexikon\/wp-json\/wp\/v2\/product_brand?post=23592"},{"taxonomy":"product_cat","embeddable":true,"href":"https:\/\/uj.adatbank.ro\/lexikon\/wp-json\/wp\/v2\/product_cat?post=23592"},{"taxonomy":"product_tag","embeddable":true,"href":"https:\/\/uj.adatbank.ro\/lexikon\/wp-json\/wp\/v2\/product_tag?post=23592"}],"curies":[{"name":"wp","href":"https:\/\/api.w.org\/{rel}","templated":true}]}}