{"id":23597,"date":"2025-08-01T17:33:57","date_gmt":"2025-08-01T15:33:57","guid":{"rendered":"https:\/\/uj.adatbank.ro\/lexikon\/termek\/tothfalusi-samuel\/"},"modified":"2025-08-01T17:33:57","modified_gmt":"2025-08-01T15:33:57","slug":"tothfalusi-samuel","status":"publish","type":"product","link":"https:\/\/uj.adatbank.ro\/lexikon\/termek\/tothfalusi-samuel\/","title":{"rendered":"T\u00d3THFALUSI S\u00e1muel"},"content":{"rendered":"<p>? \u2020 ?: tan\u00edt\u00f3. \u2013 Tan\u00edtott D\u00e1ny\u00e1nban (1693\u201394), Nagykenden (1694\u20131696), K\u00fck\u00fcll\u0151alm\u00e1son (1698), H\u00e9derf\u00e1j\u00e1n (1713\u201314), Kerel\u0151szentp\u00e1lon (1715\u201317) \u00e9s Balav\u00e1s\u00e1ron (1720\u201321). <br \/><strong>\u2013 Irod.:<\/strong> K\u00fck\u00fcll\u0151i Ref. Egyh\u00e1zm. 3.<\/br><\/p>\n","protected":false},"excerpt":{"rendered":"<p>? \u2020 ?: tan\u00edt\u00f3. \u2013 Tan\u00edtott D\u00e1ny\u00e1nban (1693\u201394), Nagykenden (1694\u20131696), K\u00fck\u00fcll\u0151alm\u00e1son (1698), H\u00e9derf\u00e1j\u00e1n (1713\u201314), Kerel\u0151szentp\u00e1lon (1715\u201317) \u00e9s Balav\u00e1s\u00e1ron (1720\u201321). \u2013 Irod.: K\u00fck\u00fcll\u0151i Ref. Egyh\u00e1zm. 3.<\/p>\n","protected":false},"featured_media":0,"comment_status":"open","ping_status":"closed","template":"","meta":[],"product_brand":[],"product_cat":[137],"product_tag":[],"class_list":{"0":"post-23597","1":"product","2":"type-product","3":"status-publish","5":"product_cat-maros-megyei-eletrajzi-lexikon","7":"first","8":"instock","9":"shipping-taxable","10":"product-type-simple"},"_links":{"self":[{"href":"https:\/\/uj.adatbank.ro\/lexikon\/wp-json\/wp\/v2\/product\/23597","targetHints":{"allow":["GET"]}}],"collection":[{"href":"https:\/\/uj.adatbank.ro\/lexikon\/wp-json\/wp\/v2\/product"}],"about":[{"href":"https:\/\/uj.adatbank.ro\/lexikon\/wp-json\/wp\/v2\/types\/product"}],"replies":[{"embeddable":true,"href":"https:\/\/uj.adatbank.ro\/lexikon\/wp-json\/wp\/v2\/comments?post=23597"}],"wp:attachment":[{"href":"https:\/\/uj.adatbank.ro\/lexikon\/wp-json\/wp\/v2\/media?parent=23597"}],"wp:term":[{"taxonomy":"product_brand","embeddable":true,"href":"https:\/\/uj.adatbank.ro\/lexikon\/wp-json\/wp\/v2\/product_brand?post=23597"},{"taxonomy":"product_cat","embeddable":true,"href":"https:\/\/uj.adatbank.ro\/lexikon\/wp-json\/wp\/v2\/product_cat?post=23597"},{"taxonomy":"product_tag","embeddable":true,"href":"https:\/\/uj.adatbank.ro\/lexikon\/wp-json\/wp\/v2\/product_tag?post=23597"}],"curies":[{"name":"wp","href":"https:\/\/api.w.org\/{rel}","templated":true}]}}