{"id":23608,"date":"2025-08-01T17:34:26","date_gmt":"2025-08-01T15:34:26","guid":{"rendered":"https:\/\/uj.adatbank.ro\/lexikon\/termek\/tovisi-mate\/"},"modified":"2025-08-01T17:34:26","modified_gmt":"2025-08-01T15:34:26","slug":"tovisi-mate","status":"publish","type":"product","link":"https:\/\/uj.adatbank.ro\/lexikon\/termek\/tovisi-mate\/","title":{"rendered":"T\u00d6VISI M\u00e1t\u00e9"},"content":{"rendered":"<p>? \u2020 ?: ref. lelk\u00e9sz. \u2013 V\u00e1mosg\u00e1lfalv\u00e1n szolg\u00e1lt (1636, 1643 el\u0151tt), k\u00e9s\u0151bb H\u00e9derf\u00e1j\u00e1n szolg\u00e1lt (1643). <br \/><strong>\u2013 Irod.:<\/strong> K\u00fck\u00fcll\u0151i Ref. Egyh\u00e1zm. 2., 4.<\/br><\/p>\n","protected":false},"excerpt":{"rendered":"<p>? \u2020 ?: ref. lelk\u00e9sz. \u2013 V\u00e1mosg\u00e1lfalv\u00e1n szolg\u00e1lt (1636, 1643 el\u0151tt), k\u00e9s\u0151bb H\u00e9derf\u00e1j\u00e1n szolg\u00e1lt (1643). \u2013 Irod.: K\u00fck\u00fcll\u0151i Ref. Egyh\u00e1zm. 2., 4.<\/p>\n","protected":false},"featured_media":0,"comment_status":"open","ping_status":"closed","template":"","meta":[],"product_brand":[],"product_cat":[137],"product_tag":[],"class_list":{"0":"post-23608","1":"product","2":"type-product","3":"status-publish","5":"product_cat-maros-megyei-eletrajzi-lexikon","7":"first","8":"instock","9":"shipping-taxable","10":"product-type-simple"},"_links":{"self":[{"href":"https:\/\/uj.adatbank.ro\/lexikon\/wp-json\/wp\/v2\/product\/23608","targetHints":{"allow":["GET"]}}],"collection":[{"href":"https:\/\/uj.adatbank.ro\/lexikon\/wp-json\/wp\/v2\/product"}],"about":[{"href":"https:\/\/uj.adatbank.ro\/lexikon\/wp-json\/wp\/v2\/types\/product"}],"replies":[{"embeddable":true,"href":"https:\/\/uj.adatbank.ro\/lexikon\/wp-json\/wp\/v2\/comments?post=23608"}],"wp:attachment":[{"href":"https:\/\/uj.adatbank.ro\/lexikon\/wp-json\/wp\/v2\/media?parent=23608"}],"wp:term":[{"taxonomy":"product_brand","embeddable":true,"href":"https:\/\/uj.adatbank.ro\/lexikon\/wp-json\/wp\/v2\/product_brand?post=23608"},{"taxonomy":"product_cat","embeddable":true,"href":"https:\/\/uj.adatbank.ro\/lexikon\/wp-json\/wp\/v2\/product_cat?post=23608"},{"taxonomy":"product_tag","embeddable":true,"href":"https:\/\/uj.adatbank.ro\/lexikon\/wp-json\/wp\/v2\/product_tag?post=23608"}],"curies":[{"name":"wp","href":"https:\/\/api.w.org\/{rel}","templated":true}]}}