{"id":23609,"date":"2025-08-01T17:34:28","date_gmt":"2025-08-01T15:34:28","guid":{"rendered":"https:\/\/uj.adatbank.ro\/lexikon\/termek\/tovisi-tovissi-tuvisy\/"},"modified":"2025-08-01T17:34:28","modified_gmt":"2025-08-01T15:34:28","slug":"tovisi-tovissi-tuvisy","status":"publish","type":"product","link":"https:\/\/uj.adatbank.ro\/lexikon\/termek\/tovisi-tovissi-tuvisy\/","title":{"rendered":"T\u00d6VISI, T\u00f6vissi; T\u00fcvisy"},"content":{"rendered":"<p>Hagym\u00e1sbodoni csal\u00e1d. T. Ily\u00e9s, mint primipilus lustr\u00e1lt (1614); Nemess\u00e9g\u00e9t 1633-b\u00f3l igazolta; T. B\u00e9la \u00e9s Gyula birtokosok Bodonban. A csal\u00e1d h\u00e1za Hagym\u00e1sbodonban a 19.sz\u00e1zad k\u00f6zep\u00e9n \u00e9p\u00fclt. A ref. templom \u00e9p\u00edt\u00e9s\u00e9t patron\u00e1lta T\u00f6vissi Istv\u00e1n, Gid\u00f3falvi Mih\u00e1ly lelk\u00e9sz idej\u00e9n (1806). <br \/><strong>\u2013 Irod.:<\/strong> Kempelen; P\u00e1lmay.<\/br><\/p>\n","protected":false},"excerpt":{"rendered":"<p>Hagym\u00e1sbodoni csal\u00e1d. T. Ily\u00e9s, mint primipilus lustr\u00e1lt (1614); Nemess\u00e9g\u00e9t 1633-b\u00f3l igazolta; T. B\u00e9la \u00e9s Gyula birtokosok Bodonban. A csal\u00e1d h\u00e1za Hagym\u00e1sbodonban a 19.sz\u00e1zad k\u00f6zep\u00e9n \u00e9p\u00fclt. A ref. templom \u00e9p\u00edt\u00e9s\u00e9t patron\u00e1lta T\u00f6vissi Istv\u00e1n, Gid\u00f3falvi Mih\u00e1ly lelk\u00e9sz idej\u00e9n (1806). \u2013 Irod.: Kempelen; P\u00e1lmay.<\/p>\n","protected":false},"featured_media":0,"comment_status":"open","ping_status":"closed","template":"","meta":[],"product_brand":[],"product_cat":[137],"product_tag":[],"class_list":{"0":"post-23609","1":"product","2":"type-product","3":"status-publish","5":"product_cat-maros-megyei-eletrajzi-lexikon","7":"first","8":"instock","9":"shipping-taxable","10":"product-type-simple"},"_links":{"self":[{"href":"https:\/\/uj.adatbank.ro\/lexikon\/wp-json\/wp\/v2\/product\/23609","targetHints":{"allow":["GET"]}}],"collection":[{"href":"https:\/\/uj.adatbank.ro\/lexikon\/wp-json\/wp\/v2\/product"}],"about":[{"href":"https:\/\/uj.adatbank.ro\/lexikon\/wp-json\/wp\/v2\/types\/product"}],"replies":[{"embeddable":true,"href":"https:\/\/uj.adatbank.ro\/lexikon\/wp-json\/wp\/v2\/comments?post=23609"}],"wp:attachment":[{"href":"https:\/\/uj.adatbank.ro\/lexikon\/wp-json\/wp\/v2\/media?parent=23609"}],"wp:term":[{"taxonomy":"product_brand","embeddable":true,"href":"https:\/\/uj.adatbank.ro\/lexikon\/wp-json\/wp\/v2\/product_brand?post=23609"},{"taxonomy":"product_cat","embeddable":true,"href":"https:\/\/uj.adatbank.ro\/lexikon\/wp-json\/wp\/v2\/product_cat?post=23609"},{"taxonomy":"product_tag","embeddable":true,"href":"https:\/\/uj.adatbank.ro\/lexikon\/wp-json\/wp\/v2\/product_tag?post=23609"}],"curies":[{"name":"wp","href":"https:\/\/api.w.org\/{rel}","templated":true}]}}