{"id":23611,"date":"2025-08-01T17:34:34","date_gmt":"2025-08-01T15:34:34","guid":{"rendered":"https:\/\/uj.adatbank.ro\/lexikon\/termek\/tovissi-dezso-hagymasbodoni\/"},"modified":"2025-08-01T17:34:34","modified_gmt":"2025-08-01T15:34:34","slug":"tovissi-dezso-hagymasbodoni","status":"publish","type":"product","link":"https:\/\/uj.adatbank.ro\/lexikon\/termek\/tovissi-dezso-hagymasbodoni\/","title":{"rendered":"T\u00d6VISSI Dezs\u0151, hagym\u00e1sbodoni"},"content":{"rendered":"<p>Mez\u0151b\u00e1nd (Maros), 1885., \u2020 ?: keresked\u0151, gazd\u00e1lkod\u00f3. \u2013 K\u00f6z\u00e9piskol\u00e1i elv\u00e9gz\u00e9se ut\u00e1n a kereskedelemben szabadult fel \u00e9s 20 \u00e9vig volt \u00f6n\u00e1ll\u00f3 keresked\u0151 Mez\u0151b\u00e1ndon, azut\u00e1n 68 hold f\u00f6ldj\u00e9n gazd\u00e1lkodott (1930\u2013). Az els\u0151 vh.-ban a 23. vad\u00e1sz z\u00e1szl\u00f3aljban a szerb fronton harcoltt. A MP tagja, a kult\u00farint\u00e9zm\u00e9nyek t\u00e1mogat\u00f3ja volt. <br \/><strong>\u2013 Irod.:<\/strong> Sz\u00e9kelyf\u00f6ld \u00ed. k.<\/br><\/p>\n","protected":false},"excerpt":{"rendered":"<p>Mez\u0151b\u00e1nd (Maros), 1885., \u2020 ?: keresked\u0151, gazd\u00e1lkod\u00f3. \u2013 K\u00f6z\u00e9piskol\u00e1i elv\u00e9gz\u00e9se ut\u00e1n a kereskedelemben szabadult fel \u00e9s 20 \u00e9vig volt \u00f6n\u00e1ll\u00f3 keresked\u0151 Mez\u0151b\u00e1ndon, azut\u00e1n 68 hold f\u00f6ldj\u00e9n gazd\u00e1lkodott (1930\u2013). Az els\u0151 vh.-ban a 23. vad\u00e1sz z\u00e1szl\u00f3aljban a szerb fronton harcoltt. A MP tagja, a kult\u00farint\u00e9zm\u00e9nyek t\u00e1mogat\u00f3ja volt. \u2013 Irod.: Sz\u00e9kelyf\u00f6ld \u00ed. k.<\/p>\n","protected":false},"featured_media":0,"comment_status":"open","ping_status":"closed","template":"","meta":[],"product_brand":[],"product_cat":[137],"product_tag":[],"class_list":{"0":"post-23611","1":"product","2":"type-product","3":"status-publish","5":"product_cat-maros-megyei-eletrajzi-lexikon","7":"first","8":"instock","9":"shipping-taxable","10":"product-type-simple"},"_links":{"self":[{"href":"https:\/\/uj.adatbank.ro\/lexikon\/wp-json\/wp\/v2\/product\/23611","targetHints":{"allow":["GET"]}}],"collection":[{"href":"https:\/\/uj.adatbank.ro\/lexikon\/wp-json\/wp\/v2\/product"}],"about":[{"href":"https:\/\/uj.adatbank.ro\/lexikon\/wp-json\/wp\/v2\/types\/product"}],"replies":[{"embeddable":true,"href":"https:\/\/uj.adatbank.ro\/lexikon\/wp-json\/wp\/v2\/comments?post=23611"}],"wp:attachment":[{"href":"https:\/\/uj.adatbank.ro\/lexikon\/wp-json\/wp\/v2\/media?parent=23611"}],"wp:term":[{"taxonomy":"product_brand","embeddable":true,"href":"https:\/\/uj.adatbank.ro\/lexikon\/wp-json\/wp\/v2\/product_brand?post=23611"},{"taxonomy":"product_cat","embeddable":true,"href":"https:\/\/uj.adatbank.ro\/lexikon\/wp-json\/wp\/v2\/product_cat?post=23611"},{"taxonomy":"product_tag","embeddable":true,"href":"https:\/\/uj.adatbank.ro\/lexikon\/wp-json\/wp\/v2\/product_tag?post=23611"}],"curies":[{"name":"wp","href":"https:\/\/api.w.org\/{rel}","templated":true}]}}