{"id":23613,"date":"2025-08-01T17:34:38","date_gmt":"2025-08-01T15:34:38","guid":{"rendered":"https:\/\/uj.adatbank.ro\/lexikon\/termek\/tovissi-lajos-%c2%a7-ludovic\/"},"modified":"2025-08-01T17:34:38","modified_gmt":"2025-08-01T15:34:38","slug":"tovissi-lajos-%c2%a7-ludovic","status":"publish","type":"product","link":"https:\/\/uj.adatbank.ro\/lexikon\/termek\/tovissi-lajos-%c2%a7-ludovic\/","title":{"rendered":"T\u00d6VISSI Lajos, \u00a7 Ludovic"},"content":{"rendered":"<p>Hagym\u00e1sbodon, 1927., \u2020 Buk., 2000. m\u00e1rc., 14, Hagym\u00e1sbodonba temett\u00e9k.: dr. prof., k\u00f6zgazd\u00e1sz, egyetemi tan\u00e1r. \u2013 Mv.-en a Ref. Koll.-ban \u00e9retts\u00e9gizett, Kv.-n a BTE Szociol\u00f3gia majd Pszichol\u00f3gia Kar\u00e1n szerzett oklevelet; k\u00f6zgazdas\u00e1gi tanulm\u00e1nyait Leningr\u00e1dban folytatta a Tervez\u0151 Int\u00e9zetben, ahol \u00e9rdemdiplom\u00e1val v\u00e9gzett. A buk.-i K\u00f6zgazdas\u00e1gi Akad\u00e9mi\u00e1n doktor\u00e1lt (1964). A buk.-i K\u00f6zgazdas\u00e1gi Akad\u00e9mi\u00e1n (ASE) adjunktus, (1952\u20131958), a Statisztikai Kar d\u00e9k\u00e1nja, egyetemi docens (1958\u201369), nyilv\u00e1nos rendes tan\u00e1r (1969\u20132000), prorektor (1963\u201371; 1976\u201381). T\u00edz \u00e9ven \u00e1t a gazdas\u00e1gi matematika \u00e9s kibernetikai tansz\u00e9k vezet\u0151je (1966\u201376) volt. Egyetemi oktat\u00f3i p\u00e1lyafut\u00e1sa alatt elm\u00e9leti, \u00e1ltal\u00e1nos, ipari, beruh\u00e1z\u00e1si \u00e9s \u00e9p\u00edt\u0151ipari, term\u00e9kmin\u0151s\u00e9g-ellen\u0151rz\u00e9si statisztik\u00e1t, gazdas\u00e1gi kibernetik\u00e1t adott el\u0151. T\u00f6bb \u00faj tant\u00e1rgy bevezet\u00e9s\u00e9nek kezdem\u00e9nyez\u0151je volt: \u00f6konometria, gazdas\u00e1gi kibernetika. \u00d6n\u00e1ll\u00f3an vagy t\u00e1rsszerz\u0151kkel t\u00f6bb mint 30 egyetemi jegyzetet \u00e9s tank\u00f6nyvet \u00edrt. F\u0151szerkeszt\u0151je volt a Revista de Statistic\u0103 (1955\u201357), f\u0151szerkeszt\u0151helyettese a Studii \u015fi Cercet\u0103ri Economice (1964\u201375) foly\u00f3iratoknak. \u2013  <strong>F. m..:<\/strong> Uzinele I. C. Frimu Sinaia (Buk., 1958); Statistica teoretic\u0103 (Buk., 1963), Probleme teoretice ale calcului indicilor statistici. Autorerefatul la diserta\u0163ia \u00eentocmit\u0103 \u00een vederea ob\u0163inerii titlului \u00een \u015ftiin\u0163e economice (Buc., 1964); Statistica calit\u0103\u0163ii produc\u0163iei (Buk., 1967); Calitate \u015fi fiabilitate Manual (Buk., 1988);  <strong>t\u00e1rssz.:<\/strong> Metode statistice de control al calit\u0103\u0163ii produc\u0163iei industriale (Rancu Nicolaeval; Buc., 1957.); Controlul statistic al produc\u0163iei (Buc., 1958); Statistic\u0103 matematic\u0103 cu aplica\u015fii \u00een produc\u0163ie (Rancu Nicolaeval; Buk., 1963); Analiza statistico-matematic\u0103 a calit\u0103\u0163ii produc\u0163iei industriale (Rancu Nicolaeval; Buc., 1964.); Analiza Statistico-matematica a calit\u0103\u0163ii produc\u0163iei industriale (Buc., 1965); Balan\u0163a leg\u0103turilor dintre ramuri (\u0162ig\u0103nescu, E.-vel; Buk., 1969); Analiza economic\u0103 multisectorial\u0103 (\u0162ig\u0103nescu, E.-vel; Buc., 1976); Metode \u015fi modele ale analizei economice structurale (Scarlat Emil-, Ta\u015fnadi Alexandruval; Buk., 1979); Metode statistice, aplica\u0163ii \u00een produc\u0163ie (Vod\u0103 Viorel Gh.-val; Buk., 1982); Statistic\u0103 teoretic\u0103. Curs pentru uzul studen\u0163ilor (Biji I.-vel, Bajan A.-val, Buc., 1983), Statistiva: Curs pentru studen\u0163ii Facult\u0103\u0163ii de economia industriei construc\u0163iilor \u015fi transporturilor (Buk., 1984, 1986), Statistic\u0103 teoretic\u0103. Pentru uzul studen\u0163ilor(Buc., 1985); Caiet de studii \u015fi lucr\u0103ri aplicative la statistic\u0103. Pentru facultatea de Economie a Industriei construc\u0163iilor \u015fi Transporturilor Calitate \u015fi fiabilitate: manual practic: 300 de aplica\u0163ii, exemple, studii de caz \u2013 4 rigle de calcul \u2013 5 standarde \u2013 2000 de teste \u2013 \u00eentreb\u0103ri rezolvate. (Buc., 1988.); Statistic\u0103 (Buc., 1989.); Statistic\u0103 teoretic\u0103 \u015fi economic\u0103. (Buc., 1991.). <br \/><strong>\u2013 Irod.:<\/strong> C.l. (2003. jan. 22); [Nekrol\u00f3g] (N\u00fa., 2000. m\u00e1rc. 15), R\u00e9thy\u2013\u00dajv\u00e1ri\u2013V\u00e1czi, Todea.<\/br><\/p>\n","protected":false},"excerpt":{"rendered":"<p>Hagym\u00e1sbodon, 1927., \u2020 Buk., 2000. m\u00e1rc., 14, Hagym\u00e1sbodonba temett\u00e9k.: dr. prof., k\u00f6zgazd\u00e1sz, egyetemi tan\u00e1r. \u2013 Mv.-en a Ref. Koll.-ban \u00e9retts\u00e9gizett, Kv.-n a BTE Szociol\u00f3gia majd Pszichol\u00f3gia Kar\u00e1n szerzett oklevelet; k\u00f6zgazdas\u00e1gi tanulm\u00e1nyait Leningr\u00e1dban folytatta a Tervez\u0151 Int\u00e9zetben, ahol \u00e9rdemdiplom\u00e1val v\u00e9gzett. A buk.-i K\u00f6zgazdas\u00e1gi Akad\u00e9mi\u00e1n doktor\u00e1lt (1964). A buk.-i K\u00f6zgazdas\u00e1gi Akad\u00e9mi\u00e1n (ASE) adjunktus, (1952\u20131958), a Statisztikai Kar [&hellip;]<\/p>\n","protected":false},"featured_media":0,"comment_status":"open","ping_status":"closed","template":"","meta":[],"product_brand":[],"product_cat":[137],"product_tag":[],"class_list":{"0":"post-23613","1":"product","2":"type-product","3":"status-publish","5":"product_cat-maros-megyei-eletrajzi-lexikon","7":"first","8":"instock","9":"shipping-taxable","10":"product-type-simple"},"_links":{"self":[{"href":"https:\/\/uj.adatbank.ro\/lexikon\/wp-json\/wp\/v2\/product\/23613","targetHints":{"allow":["GET"]}}],"collection":[{"href":"https:\/\/uj.adatbank.ro\/lexikon\/wp-json\/wp\/v2\/product"}],"about":[{"href":"https:\/\/uj.adatbank.ro\/lexikon\/wp-json\/wp\/v2\/types\/product"}],"replies":[{"embeddable":true,"href":"https:\/\/uj.adatbank.ro\/lexikon\/wp-json\/wp\/v2\/comments?post=23613"}],"wp:attachment":[{"href":"https:\/\/uj.adatbank.ro\/lexikon\/wp-json\/wp\/v2\/media?parent=23613"}],"wp:term":[{"taxonomy":"product_brand","embeddable":true,"href":"https:\/\/uj.adatbank.ro\/lexikon\/wp-json\/wp\/v2\/product_brand?post=23613"},{"taxonomy":"product_cat","embeddable":true,"href":"https:\/\/uj.adatbank.ro\/lexikon\/wp-json\/wp\/v2\/product_cat?post=23613"},{"taxonomy":"product_tag","embeddable":true,"href":"https:\/\/uj.adatbank.ro\/lexikon\/wp-json\/wp\/v2\/product_tag?post=23613"}],"curies":[{"name":"wp","href":"https:\/\/api.w.org\/{rel}","templated":true}]}}