{"id":23614,"date":"2025-08-01T17:34:41","date_gmt":"2025-08-01T15:34:41","guid":{"rendered":"https:\/\/uj.adatbank.ro\/lexikon\/termek\/tovissy-bela-hagymasbodoni\/"},"modified":"2025-08-01T17:34:41","modified_gmt":"2025-08-01T15:34:41","slug":"tovissy-bela-hagymasbodoni","status":"publish","type":"product","link":"https:\/\/uj.adatbank.ro\/lexikon\/termek\/tovissy-bela-hagymasbodoni\/","title":{"rendered":"T\u00d6VISSY B\u00e9la, hagym\u00e1sbodoni"},"content":{"rendered":"<p>Hagym\u00e1sbodon, 1904., \u2020 ?: Mv.-en \u00e9retts\u00e9gizett, 10 \u00e9vig banktisztvisel\u0151 volt, majd \u00f6r\u00f6k\u00f6lt f\u00f6ldj\u00e9n Hagym\u00e1sbodonban gazd\u00e1lkodott (1931\u2013). Mintagazdas\u00e1ga a megy\u00e9ben h\u00edres, a Gazdak\u00f6r eln\u00f6ke, a ref. egyh\u00e1z vezet\u0151s\u00e9gi tagja volt. Minden kultur\u00e1lis int\u00e9zm\u00e9ny vezet\u00e9s\u00e9ben r\u00e9szt vett \u00e9s t\u00e1mogatott. <br \/><strong>\u2013 Irod.:<\/strong> Sz\u00e9kelyf\u00f6ld \u00ed. k.<\/br><\/p>\n","protected":false},"excerpt":{"rendered":"<p>Hagym\u00e1sbodon, 1904., \u2020 ?: Mv.-en \u00e9retts\u00e9gizett, 10 \u00e9vig banktisztvisel\u0151 volt, majd \u00f6r\u00f6k\u00f6lt f\u00f6ldj\u00e9n Hagym\u00e1sbodonban gazd\u00e1lkodott (1931\u2013). Mintagazdas\u00e1ga a megy\u00e9ben h\u00edres, a Gazdak\u00f6r eln\u00f6ke, a ref. egyh\u00e1z vezet\u0151s\u00e9gi tagja volt. Minden kultur\u00e1lis int\u00e9zm\u00e9ny vezet\u00e9s\u00e9ben r\u00e9szt vett \u00e9s t\u00e1mogatott. \u2013 Irod.: Sz\u00e9kelyf\u00f6ld \u00ed. k.<\/p>\n","protected":false},"featured_media":0,"comment_status":"open","ping_status":"closed","template":"","meta":[],"product_brand":[],"product_cat":[137],"product_tag":[],"class_list":{"0":"post-23614","1":"product","2":"type-product","3":"status-publish","5":"product_cat-maros-megyei-eletrajzi-lexikon","7":"first","8":"instock","9":"shipping-taxable","10":"product-type-simple"},"_links":{"self":[{"href":"https:\/\/uj.adatbank.ro\/lexikon\/wp-json\/wp\/v2\/product\/23614","targetHints":{"allow":["GET"]}}],"collection":[{"href":"https:\/\/uj.adatbank.ro\/lexikon\/wp-json\/wp\/v2\/product"}],"about":[{"href":"https:\/\/uj.adatbank.ro\/lexikon\/wp-json\/wp\/v2\/types\/product"}],"replies":[{"embeddable":true,"href":"https:\/\/uj.adatbank.ro\/lexikon\/wp-json\/wp\/v2\/comments?post=23614"}],"wp:attachment":[{"href":"https:\/\/uj.adatbank.ro\/lexikon\/wp-json\/wp\/v2\/media?parent=23614"}],"wp:term":[{"taxonomy":"product_brand","embeddable":true,"href":"https:\/\/uj.adatbank.ro\/lexikon\/wp-json\/wp\/v2\/product_brand?post=23614"},{"taxonomy":"product_cat","embeddable":true,"href":"https:\/\/uj.adatbank.ro\/lexikon\/wp-json\/wp\/v2\/product_cat?post=23614"},{"taxonomy":"product_tag","embeddable":true,"href":"https:\/\/uj.adatbank.ro\/lexikon\/wp-json\/wp\/v2\/product_tag?post=23614"}],"curies":[{"name":"wp","href":"https:\/\/api.w.org\/{rel}","templated":true}]}}