{"id":23617,"date":"2025-08-01T17:34:50","date_gmt":"2025-08-01T15:34:50","guid":{"rendered":"https:\/\/uj.adatbank.ro\/lexikon\/termek\/tozser-karoly\/"},"modified":"2025-08-01T17:34:50","modified_gmt":"2025-08-01T15:34:50","slug":"tozser-karoly","status":"publish","type":"product","link":"https:\/\/uj.adatbank.ro\/lexikon\/termek\/tozser-karoly\/","title":{"rendered":"T\u0150ZS\u00c9R K\u00e1roly"},"content":{"rendered":"<p>B\u00e9ta, 1915. jan. 24., \u2020 Kuty, 1944. \u00e1pr. 28.: z\u00e1szl\u00f3s. \u2013 A tudiowi h\u0151si temet\u0151ben nyugszik.: tartal\u00e9kos z\u00e1szl\u00f3s. \u2013 A mv.-i 57\/ III. szakaszparancsnoka, a keleti hadsz\u00ednt\u00e9rre vez\u00e9nyelt\u00e9k. Kutyn\u00e1l h\u0151si hal\u00e1lt halt. <br \/><strong>\u2013 Irod.:<\/strong> Berekm\u00e9ri: A mv.-i 27. hadoszt\u00e1ly.<\/br><\/p>\n","protected":false},"excerpt":{"rendered":"<p>B\u00e9ta, 1915. jan. 24., \u2020 Kuty, 1944. \u00e1pr. 28.: z\u00e1szl\u00f3s. \u2013 A tudiowi h\u0151si temet\u0151ben nyugszik.: tartal\u00e9kos z\u00e1szl\u00f3s. \u2013 A mv.-i 57\/ III. szakaszparancsnoka, a keleti hadsz\u00ednt\u00e9rre vez\u00e9nyelt\u00e9k. Kutyn\u00e1l h\u0151si hal\u00e1lt halt. \u2013 Irod.: Berekm\u00e9ri: A mv.-i 27. hadoszt\u00e1ly.<\/p>\n","protected":false},"featured_media":0,"comment_status":"open","ping_status":"closed","template":"","meta":[],"product_brand":[],"product_cat":[137],"product_tag":[],"class_list":{"0":"post-23617","1":"product","2":"type-product","3":"status-publish","5":"product_cat-maros-megyei-eletrajzi-lexikon","7":"first","8":"instock","9":"shipping-taxable","10":"product-type-simple"},"_links":{"self":[{"href":"https:\/\/uj.adatbank.ro\/lexikon\/wp-json\/wp\/v2\/product\/23617","targetHints":{"allow":["GET"]}}],"collection":[{"href":"https:\/\/uj.adatbank.ro\/lexikon\/wp-json\/wp\/v2\/product"}],"about":[{"href":"https:\/\/uj.adatbank.ro\/lexikon\/wp-json\/wp\/v2\/types\/product"}],"replies":[{"embeddable":true,"href":"https:\/\/uj.adatbank.ro\/lexikon\/wp-json\/wp\/v2\/comments?post=23617"}],"wp:attachment":[{"href":"https:\/\/uj.adatbank.ro\/lexikon\/wp-json\/wp\/v2\/media?parent=23617"}],"wp:term":[{"taxonomy":"product_brand","embeddable":true,"href":"https:\/\/uj.adatbank.ro\/lexikon\/wp-json\/wp\/v2\/product_brand?post=23617"},{"taxonomy":"product_cat","embeddable":true,"href":"https:\/\/uj.adatbank.ro\/lexikon\/wp-json\/wp\/v2\/product_cat?post=23617"},{"taxonomy":"product_tag","embeddable":true,"href":"https:\/\/uj.adatbank.ro\/lexikon\/wp-json\/wp\/v2\/product_tag?post=23617"}],"curies":[{"name":"wp","href":"https:\/\/api.w.org\/{rel}","templated":true}]}}