{"id":23618,"date":"2025-08-01T17:34:53","date_gmt":"2025-08-01T15:34:53","guid":{"rendered":"https:\/\/uj.adatbank.ro\/lexikon\/termek\/tozser-karoly-tozser-karoly\/"},"modified":"2025-08-01T17:34:53","modified_gmt":"2025-08-01T15:34:53","slug":"tozser-karoly-tozser-karoly","status":"publish","type":"product","link":"https:\/\/uj.adatbank.ro\/lexikon\/termek\/tozser-karoly-tozser-karoly\/","title":{"rendered":"T\u0150ZS\u00c9R K\u00e1roly, T\u00f6zs\u00e9r K\u00e1roly"},"content":{"rendered":"<p>Fogaras, 1915., \u2020 ?: tan\u00edt\u00f3-igazgat\u00f3. \u2013 Fogarason a k\u00f6z\u00e9piskol\u00e1t, a tan\u00edt\u00f3k\u00e9pz\u0151t K\u00e9zdiv\u00e1s\u00e1rhelyen v\u00e9gezte. Backamadarason tan\u00edtott (1935\u2013), iskolai igazgat\u00f3 (1942\u2013). <br \/><strong>\u2013 Irod.:<\/strong> Erd\u00e9lyi v\u00e1rmegy\u00e9k.<\/br><\/p>\n","protected":false},"excerpt":{"rendered":"<p>Fogaras, 1915., \u2020 ?: tan\u00edt\u00f3-igazgat\u00f3. \u2013 Fogarason a k\u00f6z\u00e9piskol\u00e1t, a tan\u00edt\u00f3k\u00e9pz\u0151t K\u00e9zdiv\u00e1s\u00e1rhelyen v\u00e9gezte. Backamadarason tan\u00edtott (1935\u2013), iskolai igazgat\u00f3 (1942\u2013). \u2013 Irod.: Erd\u00e9lyi v\u00e1rmegy\u00e9k.<\/p>\n","protected":false},"featured_media":0,"comment_status":"open","ping_status":"closed","template":"","meta":[],"product_brand":[],"product_cat":[137],"product_tag":[],"class_list":{"0":"post-23618","1":"product","2":"type-product","3":"status-publish","5":"product_cat-maros-megyei-eletrajzi-lexikon","7":"first","8":"instock","9":"shipping-taxable","10":"product-type-simple"},"_links":{"self":[{"href":"https:\/\/uj.adatbank.ro\/lexikon\/wp-json\/wp\/v2\/product\/23618","targetHints":{"allow":["GET"]}}],"collection":[{"href":"https:\/\/uj.adatbank.ro\/lexikon\/wp-json\/wp\/v2\/product"}],"about":[{"href":"https:\/\/uj.adatbank.ro\/lexikon\/wp-json\/wp\/v2\/types\/product"}],"replies":[{"embeddable":true,"href":"https:\/\/uj.adatbank.ro\/lexikon\/wp-json\/wp\/v2\/comments?post=23618"}],"wp:attachment":[{"href":"https:\/\/uj.adatbank.ro\/lexikon\/wp-json\/wp\/v2\/media?parent=23618"}],"wp:term":[{"taxonomy":"product_brand","embeddable":true,"href":"https:\/\/uj.adatbank.ro\/lexikon\/wp-json\/wp\/v2\/product_brand?post=23618"},{"taxonomy":"product_cat","embeddable":true,"href":"https:\/\/uj.adatbank.ro\/lexikon\/wp-json\/wp\/v2\/product_cat?post=23618"},{"taxonomy":"product_tag","embeddable":true,"href":"https:\/\/uj.adatbank.ro\/lexikon\/wp-json\/wp\/v2\/product_tag?post=23618"}],"curies":[{"name":"wp","href":"https:\/\/api.w.org\/{rel}","templated":true}]}}