{"id":23619,"date":"2025-08-01T17:34:55","date_gmt":"2025-08-01T15:34:55","guid":{"rendered":"https:\/\/uj.adatbank.ro\/lexikon\/termek\/tozser-laszlo\/"},"modified":"2025-08-01T17:34:55","modified_gmt":"2025-08-01T15:34:55","slug":"tozser-laszlo","status":"publish","type":"product","link":"https:\/\/uj.adatbank.ro\/lexikon\/termek\/tozser-laszlo\/","title":{"rendered":"T\u0150ZS\u00c9R L\u00e1szl\u00f3"},"content":{"rendered":"<p>M\u00e1r\u00e9falva, 1865. jan. 5., \u2020 1911. \u00e1pr. 19.: r. k. pap. \u2013 Tanulm\u00e1nyait Sz\u00e9kelyudvarhelyen, Cs\u00edksomly\u00f3n, Gyulafeh\u00e9rv\u00e1ron \u00e9s a b\u00e9csi P\u00e1zm\u00e1neumban az Erd\u00e9lyi R. K. Egyh\u00e1zmegye r\u00e9v\u00e9n (1886\u201389). Gyulafeh\u00e9rv\u00e1ron papp\u00e1 szentelt\u00e9k (1889. j\u00fal. 14.). K\u00e1pl\u00e1n Ditr\u00f3ban, Kv.-on, Sz\u00e1szr\u00e9genben (1894), T\u00fcrk\u00f6s\u00f6n (1895\u2013), Hossz\u00fafaluban a m\u0171farag\u00e1szati iskol\u00e1ban hittantan\u00e1r (1895\u201397). Csert\u00e9shondolon, Kudzsirban (1902), Kiskapuson (1903), Ny\u00e1r\u00e1dremet\u00e9n \u00e9s Ny\u00e1r\u00e1dsely\u00e9n (1905. szept.\u20131907), Nagysinken (1907), Kerel\u0151szentp\u00e1lon (1908\u201311). Sok terve volt, de gyenge eg\u00e9szs\u00e9ge megakad\u00e1lyozta azok megval\u00f3sul\u00e1s\u00e1t. Fellend\u00edtette az egyh\u00e1zi \u00e9letet, m\u0171k\u00f6d\u00e9se alatt sokan \u00e1tt\u00e9rtek, visszap\u00e1rtoltak a katolikusokhoz. \u0150 ind\u00edtotta meg a Domus Histori\u00e1t. \u00dajra \u00e9letbe l\u00e9ptette a kepefizet\u00e9st, megindult a R\u00f3zsaf\u0171z\u00e9r t\u00e1rsulat (1906). Az iskola jav\u00e1ra k\u00e9t iskolai b\u00e1lt rendeztek, kar\u00e1csonykor p\u00e1sztorj\u00e1t\u00e9kot szervezett. Bevezette a gregori\u00e1n \u00e9nekeket. Misszi\u00f3i keresztet \u00e1ll\u00edttatott. Ingyen tank\u00f6nyvekr\u0151l gondoskodott (1905). \u00daj magt\u00e1r\u00e9p\u00fcletet \u00e9p\u00edttetett Ny\u00e1r\u00e1dsely\u00e9ben. <br \/><strong>\u2013 Irod.:<\/strong> Ferenczi S\u00e1ndor 2009; Maros-k\u00fck\u00fcll\u0151i f\u0151esp.; Ny\u00e1r\u00e1dselye \u00e9s egyh\u00e1zai, Szab\u00f3\u2013Simon\u2013Sz\u00f6gi.<\/br><\/p>\n","protected":false},"excerpt":{"rendered":"<p>M\u00e1r\u00e9falva, 1865. jan. 5., \u2020 1911. \u00e1pr. 19.: r. k. pap. \u2013 Tanulm\u00e1nyait Sz\u00e9kelyudvarhelyen, Cs\u00edksomly\u00f3n, Gyulafeh\u00e9rv\u00e1ron \u00e9s a b\u00e9csi P\u00e1zm\u00e1neumban az Erd\u00e9lyi R. K. Egyh\u00e1zmegye r\u00e9v\u00e9n (1886\u201389). Gyulafeh\u00e9rv\u00e1ron papp\u00e1 szentelt\u00e9k (1889. j\u00fal. 14.). K\u00e1pl\u00e1n Ditr\u00f3ban, Kv.-on, Sz\u00e1szr\u00e9genben (1894), T\u00fcrk\u00f6s\u00f6n (1895\u2013), Hossz\u00fafaluban a m\u0171farag\u00e1szati iskol\u00e1ban hittantan\u00e1r (1895\u201397). Csert\u00e9shondolon, Kudzsirban (1902), Kiskapuson (1903), Ny\u00e1r\u00e1dremet\u00e9n \u00e9s Ny\u00e1r\u00e1dsely\u00e9n (1905. [&hellip;]<\/p>\n","protected":false},"featured_media":0,"comment_status":"open","ping_status":"closed","template":"","meta":[],"product_brand":[],"product_cat":[137],"product_tag":[],"class_list":{"0":"post-23619","1":"product","2":"type-product","3":"status-publish","5":"product_cat-maros-megyei-eletrajzi-lexikon","7":"first","8":"instock","9":"shipping-taxable","10":"product-type-simple"},"_links":{"self":[{"href":"https:\/\/uj.adatbank.ro\/lexikon\/wp-json\/wp\/v2\/product\/23619","targetHints":{"allow":["GET"]}}],"collection":[{"href":"https:\/\/uj.adatbank.ro\/lexikon\/wp-json\/wp\/v2\/product"}],"about":[{"href":"https:\/\/uj.adatbank.ro\/lexikon\/wp-json\/wp\/v2\/types\/product"}],"replies":[{"embeddable":true,"href":"https:\/\/uj.adatbank.ro\/lexikon\/wp-json\/wp\/v2\/comments?post=23619"}],"wp:attachment":[{"href":"https:\/\/uj.adatbank.ro\/lexikon\/wp-json\/wp\/v2\/media?parent=23619"}],"wp:term":[{"taxonomy":"product_brand","embeddable":true,"href":"https:\/\/uj.adatbank.ro\/lexikon\/wp-json\/wp\/v2\/product_brand?post=23619"},{"taxonomy":"product_cat","embeddable":true,"href":"https:\/\/uj.adatbank.ro\/lexikon\/wp-json\/wp\/v2\/product_cat?post=23619"},{"taxonomy":"product_tag","embeddable":true,"href":"https:\/\/uj.adatbank.ro\/lexikon\/wp-json\/wp\/v2\/product_tag?post=23619"}],"curies":[{"name":"wp","href":"https:\/\/api.w.org\/{rel}","templated":true}]}}