{"id":23620,"date":"2025-08-01T17:34:57","date_gmt":"2025-08-01T15:34:57","guid":{"rendered":"https:\/\/uj.adatbank.ro\/lexikon\/termek\/trambitas-eugen\/"},"modified":"2025-08-01T17:34:57","modified_gmt":"2025-08-01T15:34:57","slug":"trambitas-eugen","status":"publish","type":"product","link":"https:\/\/uj.adatbank.ro\/lexikon\/termek\/trambitas-eugen\/","title":{"rendered":"TR\u00c2MBI\u0162A\u015e, Eugen"},"content":{"rendered":"<p>? \u2020 ?: A Maros megyei p\u00e1rtbizotts\u00e1g b\u00fcr\u00f3j\u00e1nak tagja (1968\u2013), a Maros megyei p\u00e1rtbizotts\u00e1g propagandaoszt\u00e1ly\u00e1nak a f\u0151n\u00f6ke (1980-as \u00e9vek). <br \/><strong>\u2013 Irod.:<\/strong> Aranykorszak; Erd\u00e9lyi Lajos: Ing\u00e1z\u00f3k \u2013 az \u00e9rdekl\u0151d\u00e9s el\u0151ter\u00e9ben (\u00daj \u00c9let, 1980, 7. sz.).<\/br><\/p>\n","protected":false},"excerpt":{"rendered":"<p>? \u2020 ?: A Maros megyei p\u00e1rtbizotts\u00e1g b\u00fcr\u00f3j\u00e1nak tagja (1968\u2013), a Maros megyei p\u00e1rtbizotts\u00e1g propagandaoszt\u00e1ly\u00e1nak a f\u0151n\u00f6ke (1980-as \u00e9vek). \u2013 Irod.: Aranykorszak; Erd\u00e9lyi Lajos: Ing\u00e1z\u00f3k \u2013 az \u00e9rdekl\u0151d\u00e9s el\u0151ter\u00e9ben (\u00daj \u00c9let, 1980, 7. sz.).<\/p>\n","protected":false},"featured_media":0,"comment_status":"open","ping_status":"closed","template":"","meta":[],"product_brand":[],"product_cat":[137],"product_tag":[],"class_list":{"0":"post-23620","1":"product","2":"type-product","3":"status-publish","5":"product_cat-maros-megyei-eletrajzi-lexikon","7":"first","8":"instock","9":"shipping-taxable","10":"product-type-simple"},"_links":{"self":[{"href":"https:\/\/uj.adatbank.ro\/lexikon\/wp-json\/wp\/v2\/product\/23620","targetHints":{"allow":["GET"]}}],"collection":[{"href":"https:\/\/uj.adatbank.ro\/lexikon\/wp-json\/wp\/v2\/product"}],"about":[{"href":"https:\/\/uj.adatbank.ro\/lexikon\/wp-json\/wp\/v2\/types\/product"}],"replies":[{"embeddable":true,"href":"https:\/\/uj.adatbank.ro\/lexikon\/wp-json\/wp\/v2\/comments?post=23620"}],"wp:attachment":[{"href":"https:\/\/uj.adatbank.ro\/lexikon\/wp-json\/wp\/v2\/media?parent=23620"}],"wp:term":[{"taxonomy":"product_brand","embeddable":true,"href":"https:\/\/uj.adatbank.ro\/lexikon\/wp-json\/wp\/v2\/product_brand?post=23620"},{"taxonomy":"product_cat","embeddable":true,"href":"https:\/\/uj.adatbank.ro\/lexikon\/wp-json\/wp\/v2\/product_cat?post=23620"},{"taxonomy":"product_tag","embeddable":true,"href":"https:\/\/uj.adatbank.ro\/lexikon\/wp-json\/wp\/v2\/product_tag?post=23620"}],"curies":[{"name":"wp","href":"https:\/\/api.w.org\/{rel}","templated":true}]}}