{"id":23622,"date":"2025-08-01T17:35:02","date_gmt":"2025-08-01T15:35:02","guid":{"rendered":"https:\/\/uj.adatbank.ro\/lexikon\/termek\/traub-mor\/"},"modified":"2025-08-01T17:35:02","modified_gmt":"2025-08-01T15:35:02","slug":"traub-mor","status":"publish","type":"product","link":"https:\/\/uj.adatbank.ro\/lexikon\/termek\/traub-mor\/","title":{"rendered":"TRAUB M\u00f3r"},"content":{"rendered":"<p>1869., \u2020 ?: gondnok. \u2013 A mv.-i zsid\u00f3 hitk\u00f6zs\u00e9g vezet\u0151s\u00e9gi tagja, gondnoka. Mv.-r\u0151l a feles\u00e9g\u00e9vel (1883) egy\u00fctt deport\u00e1lt\u00e1k (1944. m\u00e1j. 29.). <br \/><strong>\u2013 Irod.:<\/strong> Mv. zsid\u00f3s\u00e1ga; \u00dajv\u00e1ri.<\/br><\/p>\n","protected":false},"excerpt":{"rendered":"<p>1869., \u2020 ?: gondnok. \u2013 A mv.-i zsid\u00f3 hitk\u00f6zs\u00e9g vezet\u0151s\u00e9gi tagja, gondnoka. Mv.-r\u0151l a feles\u00e9g\u00e9vel (1883) egy\u00fctt deport\u00e1lt\u00e1k (1944. m\u00e1j. 29.). \u2013 Irod.: Mv. zsid\u00f3s\u00e1ga; \u00dajv\u00e1ri.<\/p>\n","protected":false},"featured_media":0,"comment_status":"open","ping_status":"closed","template":"","meta":[],"product_brand":[],"product_cat":[137],"product_tag":[],"class_list":{"0":"post-23622","1":"product","2":"type-product","3":"status-publish","5":"product_cat-maros-megyei-eletrajzi-lexikon","7":"first","8":"instock","9":"shipping-taxable","10":"product-type-simple"},"_links":{"self":[{"href":"https:\/\/uj.adatbank.ro\/lexikon\/wp-json\/wp\/v2\/product\/23622","targetHints":{"allow":["GET"]}}],"collection":[{"href":"https:\/\/uj.adatbank.ro\/lexikon\/wp-json\/wp\/v2\/product"}],"about":[{"href":"https:\/\/uj.adatbank.ro\/lexikon\/wp-json\/wp\/v2\/types\/product"}],"replies":[{"embeddable":true,"href":"https:\/\/uj.adatbank.ro\/lexikon\/wp-json\/wp\/v2\/comments?post=23622"}],"wp:attachment":[{"href":"https:\/\/uj.adatbank.ro\/lexikon\/wp-json\/wp\/v2\/media?parent=23622"}],"wp:term":[{"taxonomy":"product_brand","embeddable":true,"href":"https:\/\/uj.adatbank.ro\/lexikon\/wp-json\/wp\/v2\/product_brand?post=23622"},{"taxonomy":"product_cat","embeddable":true,"href":"https:\/\/uj.adatbank.ro\/lexikon\/wp-json\/wp\/v2\/product_cat?post=23622"},{"taxonomy":"product_tag","embeddable":true,"href":"https:\/\/uj.adatbank.ro\/lexikon\/wp-json\/wp\/v2\/product_tag?post=23622"}],"curies":[{"name":"wp","href":"https:\/\/api.w.org\/{rel}","templated":true}]}}