{"id":23624,"date":"2025-08-01T17:35:07","date_gmt":"2025-08-01T15:35:07","guid":{"rendered":"https:\/\/uj.adatbank.ro\/lexikon\/termek\/trausch-josephus\/"},"modified":"2025-08-01T17:35:07","modified_gmt":"2025-08-01T15:35:07","slug":"trausch-josephus","status":"publish","type":"product","link":"https:\/\/uj.adatbank.ro\/lexikon\/termek\/trausch-josephus\/","title":{"rendered":"TRAUSCH, Josephus"},"content":{"rendered":"<p>Segesv\u00e1r, ? \u2020 1775.: tan\u00e1r. \u2013 Tanult T\u00fcbingenben (1760). Tan\u00edtott Segesv\u00e1ron (1764\u201369). <br \/><strong>\u2013 Irod.:<\/strong> Szab\u00f3\u2013Sz\u00f6gi.<\/br><\/p>\n","protected":false},"excerpt":{"rendered":"<p>Segesv\u00e1r, ? \u2020 1775.: tan\u00e1r. \u2013 Tanult T\u00fcbingenben (1760). Tan\u00edtott Segesv\u00e1ron (1764\u201369). \u2013 Irod.: Szab\u00f3\u2013Sz\u00f6gi.<\/p>\n","protected":false},"featured_media":0,"comment_status":"open","ping_status":"closed","template":"","meta":[],"product_brand":[],"product_cat":[137],"product_tag":[],"class_list":{"0":"post-23624","1":"product","2":"type-product","3":"status-publish","5":"product_cat-maros-megyei-eletrajzi-lexikon","7":"first","8":"instock","9":"shipping-taxable","10":"product-type-simple"},"_links":{"self":[{"href":"https:\/\/uj.adatbank.ro\/lexikon\/wp-json\/wp\/v2\/product\/23624","targetHints":{"allow":["GET"]}}],"collection":[{"href":"https:\/\/uj.adatbank.ro\/lexikon\/wp-json\/wp\/v2\/product"}],"about":[{"href":"https:\/\/uj.adatbank.ro\/lexikon\/wp-json\/wp\/v2\/types\/product"}],"replies":[{"embeddable":true,"href":"https:\/\/uj.adatbank.ro\/lexikon\/wp-json\/wp\/v2\/comments?post=23624"}],"wp:attachment":[{"href":"https:\/\/uj.adatbank.ro\/lexikon\/wp-json\/wp\/v2\/media?parent=23624"}],"wp:term":[{"taxonomy":"product_brand","embeddable":true,"href":"https:\/\/uj.adatbank.ro\/lexikon\/wp-json\/wp\/v2\/product_brand?post=23624"},{"taxonomy":"product_cat","embeddable":true,"href":"https:\/\/uj.adatbank.ro\/lexikon\/wp-json\/wp\/v2\/product_cat?post=23624"},{"taxonomy":"product_tag","embeddable":true,"href":"https:\/\/uj.adatbank.ro\/lexikon\/wp-json\/wp\/v2\/product_tag?post=23624"}],"curies":[{"name":"wp","href":"https:\/\/api.w.org\/{rel}","templated":true}]}}