{"id":23626,"date":"2025-08-01T17:35:12","date_gmt":"2025-08-01T15:35:12","guid":{"rendered":"https:\/\/uj.adatbank.ro\/lexikon\/termek\/trauzner-laszlo-h\/"},"modified":"2025-08-01T17:35:12","modified_gmt":"2025-08-01T15:35:12","slug":"trauzner-laszlo-h","status":"publish","type":"product","link":"https:\/\/uj.adatbank.ro\/lexikon\/termek\/trauzner-laszlo-h\/","title":{"rendered":"TRAUZNER L\u00e1szl\u00f3, H."},"content":{"rendered":"<p>? \u2020 ?: jegyz\u0151. \u2013 Mint fintah\u00e1zi jegyz\u0151 \u00e9rtes\u00edtette az abodi j\u00e1r\u00e1s szolgab\u00edr\u00f3j\u00e1t: Nagyteremiben \u00e9s a k\u00f6rnyez\u0151 falvakban (Lukafalva, \u00dajfalu, L\u0151rincfalva, Fintah\u00e1za) a rom\u00e1ns\u00e1g fegyvert fogott a lakoss\u00e1gra. Tolnay G\u00e1bor sz\u00e1zadost rendelt\u00e9k ki Lukafalv\u00e1ra a ked\u00e9lyek csillap\u00edt\u00e1s\u00e1ra, de tov\u00e1bbi seg\u00edts\u00e9get k\u00e9rtek a f\u0151kir\u00e1lyb\u00edr\u00f3t\u00f3l (1848. okt.12.). <br \/><strong>\u2013 Irod.:<\/strong> 1848\u20131849 Marossz\u00e9k.<\/br><\/p>\n","protected":false},"excerpt":{"rendered":"<p>? \u2020 ?: jegyz\u0151. \u2013 Mint fintah\u00e1zi jegyz\u0151 \u00e9rtes\u00edtette az abodi j\u00e1r\u00e1s szolgab\u00edr\u00f3j\u00e1t: Nagyteremiben \u00e9s a k\u00f6rnyez\u0151 falvakban (Lukafalva, \u00dajfalu, L\u0151rincfalva, Fintah\u00e1za) a rom\u00e1ns\u00e1g fegyvert fogott a lakoss\u00e1gra. Tolnay G\u00e1bor sz\u00e1zadost rendelt\u00e9k ki Lukafalv\u00e1ra a ked\u00e9lyek csillap\u00edt\u00e1s\u00e1ra, de tov\u00e1bbi seg\u00edts\u00e9get k\u00e9rtek a f\u0151kir\u00e1lyb\u00edr\u00f3t\u00f3l (1848. okt.12.). \u2013 Irod.: 1848\u20131849 Marossz\u00e9k.<\/p>\n","protected":false},"featured_media":0,"comment_status":"open","ping_status":"closed","template":"","meta":[],"product_brand":[],"product_cat":[137],"product_tag":[],"class_list":{"0":"post-23626","1":"product","2":"type-product","3":"status-publish","5":"product_cat-maros-megyei-eletrajzi-lexikon","7":"first","8":"instock","9":"shipping-taxable","10":"product-type-simple"},"_links":{"self":[{"href":"https:\/\/uj.adatbank.ro\/lexikon\/wp-json\/wp\/v2\/product\/23626","targetHints":{"allow":["GET"]}}],"collection":[{"href":"https:\/\/uj.adatbank.ro\/lexikon\/wp-json\/wp\/v2\/product"}],"about":[{"href":"https:\/\/uj.adatbank.ro\/lexikon\/wp-json\/wp\/v2\/types\/product"}],"replies":[{"embeddable":true,"href":"https:\/\/uj.adatbank.ro\/lexikon\/wp-json\/wp\/v2\/comments?post=23626"}],"wp:attachment":[{"href":"https:\/\/uj.adatbank.ro\/lexikon\/wp-json\/wp\/v2\/media?parent=23626"}],"wp:term":[{"taxonomy":"product_brand","embeddable":true,"href":"https:\/\/uj.adatbank.ro\/lexikon\/wp-json\/wp\/v2\/product_brand?post=23626"},{"taxonomy":"product_cat","embeddable":true,"href":"https:\/\/uj.adatbank.ro\/lexikon\/wp-json\/wp\/v2\/product_cat?post=23626"},{"taxonomy":"product_tag","embeddable":true,"href":"https:\/\/uj.adatbank.ro\/lexikon\/wp-json\/wp\/v2\/product_tag?post=23626"}],"curies":[{"name":"wp","href":"https:\/\/api.w.org\/{rel}","templated":true}]}}