{"id":23633,"date":"2025-08-01T17:35:26","date_gmt":"2025-08-01T15:35:26","guid":{"rendered":"https:\/\/uj.adatbank.ro\/lexikon\/termek\/trepches-eugen\/"},"modified":"2025-08-01T17:35:26","modified_gmt":"2025-08-01T15:35:26","slug":"trepches-eugen","status":"publish","type":"product","link":"https:\/\/uj.adatbank.ro\/lexikon\/termek\/trepches-eugen\/","title":{"rendered":"TREPCHES Eugen"},"content":{"rendered":"<p>?, \u2020 ?: m\u00e9rn\u00f6k. \u2013 Okl. g\u00e9p\u00e9szm\u00e9rn\u00f6k, a mv.-i v\u00edzm\u0171vek igazgat\u00f3ja (1924 k.). <br \/><strong>\u2013 Irod.:<\/strong> Almanah Tg. M.<\/br><\/p>\n","protected":false},"excerpt":{"rendered":"<p>?, \u2020 ?: m\u00e9rn\u00f6k. \u2013 Okl. g\u00e9p\u00e9szm\u00e9rn\u00f6k, a mv.-i v\u00edzm\u0171vek igazgat\u00f3ja (1924 k.). \u2013 Irod.: Almanah Tg. M.<\/p>\n","protected":false},"featured_media":0,"comment_status":"open","ping_status":"closed","template":"","meta":[],"product_brand":[],"product_cat":[137],"product_tag":[],"class_list":{"0":"post-23633","1":"product","2":"type-product","3":"status-publish","5":"product_cat-maros-megyei-eletrajzi-lexikon","7":"first","8":"instock","9":"shipping-taxable","10":"product-type-simple"},"_links":{"self":[{"href":"https:\/\/uj.adatbank.ro\/lexikon\/wp-json\/wp\/v2\/product\/23633","targetHints":{"allow":["GET"]}}],"collection":[{"href":"https:\/\/uj.adatbank.ro\/lexikon\/wp-json\/wp\/v2\/product"}],"about":[{"href":"https:\/\/uj.adatbank.ro\/lexikon\/wp-json\/wp\/v2\/types\/product"}],"replies":[{"embeddable":true,"href":"https:\/\/uj.adatbank.ro\/lexikon\/wp-json\/wp\/v2\/comments?post=23633"}],"wp:attachment":[{"href":"https:\/\/uj.adatbank.ro\/lexikon\/wp-json\/wp\/v2\/media?parent=23633"}],"wp:term":[{"taxonomy":"product_brand","embeddable":true,"href":"https:\/\/uj.adatbank.ro\/lexikon\/wp-json\/wp\/v2\/product_brand?post=23633"},{"taxonomy":"product_cat","embeddable":true,"href":"https:\/\/uj.adatbank.ro\/lexikon\/wp-json\/wp\/v2\/product_cat?post=23633"},{"taxonomy":"product_tag","embeddable":true,"href":"https:\/\/uj.adatbank.ro\/lexikon\/wp-json\/wp\/v2\/product_tag?post=23633"}],"curies":[{"name":"wp","href":"https:\/\/api.w.org\/{rel}","templated":true}]}}