{"id":23637,"date":"2025-08-01T17:35:36","date_gmt":"2025-08-01T15:35:36","guid":{"rendered":"https:\/\/uj.adatbank.ro\/lexikon\/termek\/triebel-jozsef\/"},"modified":"2025-08-01T17:35:36","modified_gmt":"2025-08-01T15:35:36","slug":"triebel-jozsef","status":"publish","type":"product","link":"https:\/\/uj.adatbank.ro\/lexikon\/termek\/triebel-jozsef\/","title":{"rendered":"TRIEBEL J\u00f3zsef"},"content":{"rendered":"<p>Sz\u00e9kelyudvarhely, 1915. jan. 13., \u2020 Marosszentgy\u00f6rgy, 1993. febr. 21.: r. k. pap. \u2013 Sz\u00e9kelyudvarhelyen \u00e9s Gyulafeh\u00e9rv\u00e1ron tanult. Brass\u00f3ban szentelt\u00e9k papp\u00e1 (1937. szept. 19.). K\u00e1pl\u00e1n Cs\u00edkszentgy\u00f6rgy\u00f6n, Dics\u0151szentm\u00e1rtonban (1938), Nagyszebenben. Pl\u00e9b\u00e1nos Abosfalv\u00e1n (1940\u201345), Magyarzs\u00e1kodon (1945\u201364), Gyergy\u00f3alfaluban (1964\u201380). <br \/><strong>\u2013 Irod.:<\/strong> Ferenczi S\u00e1ndor 2009; Maros-k\u00fck\u00fcll\u0151i f\u0151esp.<\/br><\/p>\n","protected":false},"excerpt":{"rendered":"<p>Sz\u00e9kelyudvarhely, 1915. jan. 13., \u2020 Marosszentgy\u00f6rgy, 1993. febr. 21.: r. k. pap. \u2013 Sz\u00e9kelyudvarhelyen \u00e9s Gyulafeh\u00e9rv\u00e1ron tanult. Brass\u00f3ban szentelt\u00e9k papp\u00e1 (1937. szept. 19.). K\u00e1pl\u00e1n Cs\u00edkszentgy\u00f6rgy\u00f6n, Dics\u0151szentm\u00e1rtonban (1938), Nagyszebenben. Pl\u00e9b\u00e1nos Abosfalv\u00e1n (1940\u201345), Magyarzs\u00e1kodon (1945\u201364), Gyergy\u00f3alfaluban (1964\u201380). \u2013 Irod.: Ferenczi S\u00e1ndor 2009; Maros-k\u00fck\u00fcll\u0151i f\u0151esp.<\/p>\n","protected":false},"featured_media":0,"comment_status":"open","ping_status":"closed","template":"","meta":[],"product_brand":[],"product_cat":[137],"product_tag":[],"class_list":{"0":"post-23637","1":"product","2":"type-product","3":"status-publish","5":"product_cat-maros-megyei-eletrajzi-lexikon","7":"first","8":"instock","9":"shipping-taxable","10":"product-type-simple"},"_links":{"self":[{"href":"https:\/\/uj.adatbank.ro\/lexikon\/wp-json\/wp\/v2\/product\/23637","targetHints":{"allow":["GET"]}}],"collection":[{"href":"https:\/\/uj.adatbank.ro\/lexikon\/wp-json\/wp\/v2\/product"}],"about":[{"href":"https:\/\/uj.adatbank.ro\/lexikon\/wp-json\/wp\/v2\/types\/product"}],"replies":[{"embeddable":true,"href":"https:\/\/uj.adatbank.ro\/lexikon\/wp-json\/wp\/v2\/comments?post=23637"}],"wp:attachment":[{"href":"https:\/\/uj.adatbank.ro\/lexikon\/wp-json\/wp\/v2\/media?parent=23637"}],"wp:term":[{"taxonomy":"product_brand","embeddable":true,"href":"https:\/\/uj.adatbank.ro\/lexikon\/wp-json\/wp\/v2\/product_brand?post=23637"},{"taxonomy":"product_cat","embeddable":true,"href":"https:\/\/uj.adatbank.ro\/lexikon\/wp-json\/wp\/v2\/product_cat?post=23637"},{"taxonomy":"product_tag","embeddable":true,"href":"https:\/\/uj.adatbank.ro\/lexikon\/wp-json\/wp\/v2\/product_tag?post=23637"}],"curies":[{"name":"wp","href":"https:\/\/api.w.org\/{rel}","templated":true}]}}