{"id":23638,"date":"2025-08-01T17:35:39","date_gmt":"2025-08-01T15:35:39","guid":{"rendered":"https:\/\/uj.adatbank.ro\/lexikon\/termek\/trif-augustin\/"},"modified":"2025-08-01T17:35:39","modified_gmt":"2025-08-01T15:35:39","slug":"trif-augustin","status":"publish","type":"product","link":"https:\/\/uj.adatbank.ro\/lexikon\/termek\/trif-augustin\/","title":{"rendered":"TRIF, Augustin"},"content":{"rendered":"<p>\u00c1d\u00e1mos, 1874. j\u00fan.13., \u2020 ?: g. kat. pap. \u2013 Apja, Manase, tan\u00edt\u00f3 volt a faluban. \u2013 Bal\u00e1zsfalv\u00e1n a G. Kat. Gimn.-ban \u00e9s Teol\u00f3gi\u00e1n v\u00e9gzett (1897\u201399). Victor Mih\u00e1ly p\u00fcsp\u00f6k szentelte papp\u00e1 (1899. dec. 18.). Csekelak\u00e1ra helyezt\u00e9k, de szolg\u00e1lataival ell\u00e1tta \u00c1domost is (1899\u2013). (Sematizmus 1900-b\u00f3l \u00e9s 1932-b\u0151l eml\u00edti). <br \/><strong>\u2013 Irod.:<\/strong> A\u0163inti\u015f.<\/br><\/p>\n","protected":false},"excerpt":{"rendered":"<p>\u00c1d\u00e1mos, 1874. j\u00fan.13., \u2020 ?: g. kat. pap. \u2013 Apja, Manase, tan\u00edt\u00f3 volt a faluban. \u2013 Bal\u00e1zsfalv\u00e1n a G. Kat. Gimn.-ban \u00e9s Teol\u00f3gi\u00e1n v\u00e9gzett (1897\u201399). Victor Mih\u00e1ly p\u00fcsp\u00f6k szentelte papp\u00e1 (1899. dec. 18.). Csekelak\u00e1ra helyezt\u00e9k, de szolg\u00e1lataival ell\u00e1tta \u00c1domost is (1899\u2013). (Sematizmus 1900-b\u00f3l \u00e9s 1932-b\u0151l eml\u00edti). \u2013 Irod.: A\u0163inti\u015f.<\/p>\n","protected":false},"featured_media":0,"comment_status":"open","ping_status":"closed","template":"","meta":[],"product_brand":[],"product_cat":[137],"product_tag":[],"class_list":{"0":"post-23638","1":"product","2":"type-product","3":"status-publish","5":"product_cat-maros-megyei-eletrajzi-lexikon","7":"first","8":"instock","9":"shipping-taxable","10":"product-type-simple"},"_links":{"self":[{"href":"https:\/\/uj.adatbank.ro\/lexikon\/wp-json\/wp\/v2\/product\/23638","targetHints":{"allow":["GET"]}}],"collection":[{"href":"https:\/\/uj.adatbank.ro\/lexikon\/wp-json\/wp\/v2\/product"}],"about":[{"href":"https:\/\/uj.adatbank.ro\/lexikon\/wp-json\/wp\/v2\/types\/product"}],"replies":[{"embeddable":true,"href":"https:\/\/uj.adatbank.ro\/lexikon\/wp-json\/wp\/v2\/comments?post=23638"}],"wp:attachment":[{"href":"https:\/\/uj.adatbank.ro\/lexikon\/wp-json\/wp\/v2\/media?parent=23638"}],"wp:term":[{"taxonomy":"product_brand","embeddable":true,"href":"https:\/\/uj.adatbank.ro\/lexikon\/wp-json\/wp\/v2\/product_brand?post=23638"},{"taxonomy":"product_cat","embeddable":true,"href":"https:\/\/uj.adatbank.ro\/lexikon\/wp-json\/wp\/v2\/product_cat?post=23638"},{"taxonomy":"product_tag","embeddable":true,"href":"https:\/\/uj.adatbank.ro\/lexikon\/wp-json\/wp\/v2\/product_tag?post=23638"}],"curies":[{"name":"wp","href":"https:\/\/api.w.org\/{rel}","templated":true}]}}