{"id":23639,"date":"2025-08-01T17:35:41","date_gmt":"2025-08-01T15:35:41","guid":{"rendered":"https:\/\/uj.adatbank.ro\/lexikon\/termek\/trintsini-istvan-trentsenyi-istvan\/"},"modified":"2025-08-01T17:35:41","modified_gmt":"2025-08-01T15:35:41","slug":"trintsini-istvan-trentsenyi-istvan","status":"publish","type":"product","link":"https:\/\/uj.adatbank.ro\/lexikon\/termek\/trintsini-istvan-trentsenyi-istvan\/","title":{"rendered":"TRINTSINI Istv\u00e1n, Trents\u00e9nyi Istv\u00e1n"},"content":{"rendered":"<p>? \u2020 ?: ref. lelk\u00e9sz. \u2013 A mv.-i Ref. Koll. di\u00e1kja, majd tan\u00e1ra volt (1742 k.). Csejden szolg\u00e1lt (1759\u2013). <br \/><strong>\u2013 Irod.:<\/strong> Csejd \u2013 T\u00f3falva.<\/br><\/p>\n","protected":false},"excerpt":{"rendered":"<p>? \u2020 ?: ref. lelk\u00e9sz. \u2013 A mv.-i Ref. Koll. di\u00e1kja, majd tan\u00e1ra volt (1742 k.). Csejden szolg\u00e1lt (1759\u2013). \u2013 Irod.: Csejd \u2013 T\u00f3falva.<\/p>\n","protected":false},"featured_media":0,"comment_status":"open","ping_status":"closed","template":"","meta":[],"product_brand":[],"product_cat":[137],"product_tag":[],"class_list":{"0":"post-23639","1":"product","2":"type-product","3":"status-publish","5":"product_cat-maros-megyei-eletrajzi-lexikon","7":"first","8":"instock","9":"shipping-taxable","10":"product-type-simple"},"_links":{"self":[{"href":"https:\/\/uj.adatbank.ro\/lexikon\/wp-json\/wp\/v2\/product\/23639","targetHints":{"allow":["GET"]}}],"collection":[{"href":"https:\/\/uj.adatbank.ro\/lexikon\/wp-json\/wp\/v2\/product"}],"about":[{"href":"https:\/\/uj.adatbank.ro\/lexikon\/wp-json\/wp\/v2\/types\/product"}],"replies":[{"embeddable":true,"href":"https:\/\/uj.adatbank.ro\/lexikon\/wp-json\/wp\/v2\/comments?post=23639"}],"wp:attachment":[{"href":"https:\/\/uj.adatbank.ro\/lexikon\/wp-json\/wp\/v2\/media?parent=23639"}],"wp:term":[{"taxonomy":"product_brand","embeddable":true,"href":"https:\/\/uj.adatbank.ro\/lexikon\/wp-json\/wp\/v2\/product_brand?post=23639"},{"taxonomy":"product_cat","embeddable":true,"href":"https:\/\/uj.adatbank.ro\/lexikon\/wp-json\/wp\/v2\/product_cat?post=23639"},{"taxonomy":"product_tag","embeddable":true,"href":"https:\/\/uj.adatbank.ro\/lexikon\/wp-json\/wp\/v2\/product_tag?post=23639"}],"curies":[{"name":"wp","href":"https:\/\/api.w.org\/{rel}","templated":true}]}}