{"id":23640,"date":"2025-08-01T17:35:43","date_gmt":"2025-08-01T15:35:43","guid":{"rendered":"https:\/\/uj.adatbank.ro\/lexikon\/termek\/troger-paul\/"},"modified":"2025-08-01T17:35:43","modified_gmt":"2025-08-01T15:35:43","slug":"troger-paul","status":"publish","type":"product","link":"https:\/\/uj.adatbank.ro\/lexikon\/termek\/troger-paul\/","title":{"rendered":"TROGER, Paul"},"content":{"rendered":"<p>? \u2020 ?: fest\u0151. \u2013 A mv.-i Keresztel\u0151 Szent J\u00e1nos pl\u00e9b\u00e1niatemplom bels\u0151 falfestm\u00e9nyeit \u00e9s a sz\u00ednes ablakokat k\u00e9sz\u00edtette. <br \/><strong>\u2013 Irod.:<\/strong> Keresztes Gyula: A Pl\u00e9b\u00e1niatemplom (N\u00fa., 1990. okt. 19.); Maros megye.<\/br><\/p>\n","protected":false},"excerpt":{"rendered":"<p>? \u2020 ?: fest\u0151. \u2013 A mv.-i Keresztel\u0151 Szent J\u00e1nos pl\u00e9b\u00e1niatemplom bels\u0151 falfestm\u00e9nyeit \u00e9s a sz\u00ednes ablakokat k\u00e9sz\u00edtette. \u2013 Irod.: Keresztes Gyula: A Pl\u00e9b\u00e1niatemplom (N\u00fa., 1990. okt. 19.); Maros megye.<\/p>\n","protected":false},"featured_media":0,"comment_status":"open","ping_status":"closed","template":"","meta":[],"product_brand":[],"product_cat":[137],"product_tag":[],"class_list":{"0":"post-23640","1":"product","2":"type-product","3":"status-publish","5":"product_cat-maros-megyei-eletrajzi-lexikon","7":"first","8":"instock","9":"shipping-taxable","10":"product-type-simple"},"_links":{"self":[{"href":"https:\/\/uj.adatbank.ro\/lexikon\/wp-json\/wp\/v2\/product\/23640","targetHints":{"allow":["GET"]}}],"collection":[{"href":"https:\/\/uj.adatbank.ro\/lexikon\/wp-json\/wp\/v2\/product"}],"about":[{"href":"https:\/\/uj.adatbank.ro\/lexikon\/wp-json\/wp\/v2\/types\/product"}],"replies":[{"embeddable":true,"href":"https:\/\/uj.adatbank.ro\/lexikon\/wp-json\/wp\/v2\/comments?post=23640"}],"wp:attachment":[{"href":"https:\/\/uj.adatbank.ro\/lexikon\/wp-json\/wp\/v2\/media?parent=23640"}],"wp:term":[{"taxonomy":"product_brand","embeddable":true,"href":"https:\/\/uj.adatbank.ro\/lexikon\/wp-json\/wp\/v2\/product_brand?post=23640"},{"taxonomy":"product_cat","embeddable":true,"href":"https:\/\/uj.adatbank.ro\/lexikon\/wp-json\/wp\/v2\/product_cat?post=23640"},{"taxonomy":"product_tag","embeddable":true,"href":"https:\/\/uj.adatbank.ro\/lexikon\/wp-json\/wp\/v2\/product_tag?post=23640"}],"curies":[{"name":"wp","href":"https:\/\/api.w.org\/{rel}","templated":true}]}}