{"id":23647,"date":"2025-08-01T17:36:00","date_gmt":"2025-08-01T15:36:00","guid":{"rendered":"https:\/\/uj.adatbank.ro\/lexikon\/termek\/trombitas-jozsef\/"},"modified":"2025-08-01T17:36:00","modified_gmt":"2025-08-01T15:36:00","slug":"trombitas-jozsef","status":"publish","type":"product","link":"https:\/\/uj.adatbank.ro\/lexikon\/termek\/trombitas-jozsef\/","title":{"rendered":"TROMBIT\u00c1S J\u00f3zsef"},"content":{"rendered":"<p>Marosugra, 1907. febr. 4., \u2020 Mv., 1992. dec. 20.: orvos. \u2013 Kv.-on v\u00e9gezte az orvosi egyetemet. Bp.-en tov\u00e1bbk\u00e9pz\u00e9sen volt egy \u00e9vig, sz\u00fcl\u00e9sz, n\u0151gy\u00f3gy\u00e1sz. A II. vh.-ban tartal\u00e9kos orvos z\u00e1szl\u00f3si rangban vett r\u00e9szt. N\u0151gy\u00f3gy\u00e1sz f\u0151orvos, Mv.-en mag\u00e1nrendel\u0151t nyitott, dolgozott a Czak\u00f3-szanat\u00f3riumban \u00e9s a Poliklinik\u00e1n nyugd\u00edjaz\u00e1s\u00e1ig. <br \/><strong>\u2013 Irod.:<\/strong> Berekm\u00e9ri; Komj\u00e1tszegi; [Nekrol\u00f3g] (N\u00fa., 1992. dec. 22.).<\/br><\/p>\n","protected":false},"excerpt":{"rendered":"<p>Marosugra, 1907. febr. 4., \u2020 Mv., 1992. dec. 20.: orvos. \u2013 Kv.-on v\u00e9gezte az orvosi egyetemet. Bp.-en tov\u00e1bbk\u00e9pz\u00e9sen volt egy \u00e9vig, sz\u00fcl\u00e9sz, n\u0151gy\u00f3gy\u00e1sz. A II. vh.-ban tartal\u00e9kos orvos z\u00e1szl\u00f3si rangban vett r\u00e9szt. N\u0151gy\u00f3gy\u00e1sz f\u0151orvos, Mv.-en mag\u00e1nrendel\u0151t nyitott, dolgozott a Czak\u00f3-szanat\u00f3riumban \u00e9s a Poliklinik\u00e1n nyugd\u00edjaz\u00e1s\u00e1ig. \u2013 Irod.: Berekm\u00e9ri; Komj\u00e1tszegi; [Nekrol\u00f3g] (N\u00fa., 1992. dec. 22.).<\/p>\n","protected":false},"featured_media":0,"comment_status":"open","ping_status":"closed","template":"","meta":[],"product_brand":[],"product_cat":[137],"product_tag":[],"class_list":{"0":"post-23647","1":"product","2":"type-product","3":"status-publish","5":"product_cat-maros-megyei-eletrajzi-lexikon","7":"first","8":"instock","9":"shipping-taxable","10":"product-type-simple"},"_links":{"self":[{"href":"https:\/\/uj.adatbank.ro\/lexikon\/wp-json\/wp\/v2\/product\/23647","targetHints":{"allow":["GET"]}}],"collection":[{"href":"https:\/\/uj.adatbank.ro\/lexikon\/wp-json\/wp\/v2\/product"}],"about":[{"href":"https:\/\/uj.adatbank.ro\/lexikon\/wp-json\/wp\/v2\/types\/product"}],"replies":[{"embeddable":true,"href":"https:\/\/uj.adatbank.ro\/lexikon\/wp-json\/wp\/v2\/comments?post=23647"}],"wp:attachment":[{"href":"https:\/\/uj.adatbank.ro\/lexikon\/wp-json\/wp\/v2\/media?parent=23647"}],"wp:term":[{"taxonomy":"product_brand","embeddable":true,"href":"https:\/\/uj.adatbank.ro\/lexikon\/wp-json\/wp\/v2\/product_brand?post=23647"},{"taxonomy":"product_cat","embeddable":true,"href":"https:\/\/uj.adatbank.ro\/lexikon\/wp-json\/wp\/v2\/product_cat?post=23647"},{"taxonomy":"product_tag","embeddable":true,"href":"https:\/\/uj.adatbank.ro\/lexikon\/wp-json\/wp\/v2\/product_tag?post=23647"}],"curies":[{"name":"wp","href":"https:\/\/api.w.org\/{rel}","templated":true}]}}