{"id":23648,"date":"2025-08-01T17:36:02","date_gmt":"2025-08-01T15:36:02","guid":{"rendered":"https:\/\/uj.adatbank.ro\/lexikon\/termek\/trombitas-jozsef-2\/"},"modified":"2025-08-01T17:36:02","modified_gmt":"2025-08-01T15:36:02","slug":"trombitas-jozsef-2","status":"publish","type":"product","link":"https:\/\/uj.adatbank.ro\/lexikon\/termek\/trombitas-jozsef-2\/","title":{"rendered":"TROMBIT\u00c1S J\u00f3zsef"},"content":{"rendered":"<p>1923., \u2020 Mv., 2002. j\u00fal. 15.: ref. lelk\u00e9sz. Feles\u00e9ge Nagy Margit (1924. \u2013 Mv., 2006. febr.). \u2013 Szolg\u00e1lt Magyarpalatk\u00e1n, Marosszentann\u00e1n, a mv.-i meggyesfalvi ref. gy\u00fclekezetben, amit Mv.-V\u00e1rtemplom egyh\u00e1zk\u00f6zs\u00e9ghez csatolt\u00e1k (1977\u2013). Az \u00f6n\u00e1ll\u00f3sult gy\u00fclekezet els\u0151 megv\u00e1lasztott lelk\u00e9sze. A s\u00edrk\u00f6ve szerint neje: Koncza Piroska (1930\u2013). <br \/><strong>\u2013 Irod.:<\/strong> Cs\u00e1ky; [Nekrol\u00f3g] (N\u00fa., 2002. j\u00fal. 16.).<\/br><\/p>\n","protected":false},"excerpt":{"rendered":"<p>1923., \u2020 Mv., 2002. j\u00fal. 15.: ref. lelk\u00e9sz. Feles\u00e9ge Nagy Margit (1924. \u2013 Mv., 2006. febr.). \u2013 Szolg\u00e1lt Magyarpalatk\u00e1n, Marosszentann\u00e1n, a mv.-i meggyesfalvi ref. gy\u00fclekezetben, amit Mv.-V\u00e1rtemplom egyh\u00e1zk\u00f6zs\u00e9ghez csatolt\u00e1k (1977\u2013). Az \u00f6n\u00e1ll\u00f3sult gy\u00fclekezet els\u0151 megv\u00e1lasztott lelk\u00e9sze. A s\u00edrk\u00f6ve szerint neje: Koncza Piroska (1930\u2013). \u2013 Irod.: Cs\u00e1ky; [Nekrol\u00f3g] (N\u00fa., 2002. j\u00fal. 16.).<\/p>\n","protected":false},"featured_media":0,"comment_status":"open","ping_status":"closed","template":"","meta":[],"product_brand":[],"product_cat":[137],"product_tag":[],"class_list":{"0":"post-23648","1":"product","2":"type-product","3":"status-publish","5":"product_cat-maros-megyei-eletrajzi-lexikon","7":"first","8":"instock","9":"shipping-taxable","10":"product-type-simple"},"_links":{"self":[{"href":"https:\/\/uj.adatbank.ro\/lexikon\/wp-json\/wp\/v2\/product\/23648","targetHints":{"allow":["GET"]}}],"collection":[{"href":"https:\/\/uj.adatbank.ro\/lexikon\/wp-json\/wp\/v2\/product"}],"about":[{"href":"https:\/\/uj.adatbank.ro\/lexikon\/wp-json\/wp\/v2\/types\/product"}],"replies":[{"embeddable":true,"href":"https:\/\/uj.adatbank.ro\/lexikon\/wp-json\/wp\/v2\/comments?post=23648"}],"wp:attachment":[{"href":"https:\/\/uj.adatbank.ro\/lexikon\/wp-json\/wp\/v2\/media?parent=23648"}],"wp:term":[{"taxonomy":"product_brand","embeddable":true,"href":"https:\/\/uj.adatbank.ro\/lexikon\/wp-json\/wp\/v2\/product_brand?post=23648"},{"taxonomy":"product_cat","embeddable":true,"href":"https:\/\/uj.adatbank.ro\/lexikon\/wp-json\/wp\/v2\/product_cat?post=23648"},{"taxonomy":"product_tag","embeddable":true,"href":"https:\/\/uj.adatbank.ro\/lexikon\/wp-json\/wp\/v2\/product_tag?post=23648"}],"curies":[{"name":"wp","href":"https:\/\/api.w.org\/{rel}","templated":true}]}}