{"id":23662,"date":"2025-08-01T17:36:36","date_gmt":"2025-08-01T15:36:36","guid":{"rendered":"https:\/\/uj.adatbank.ro\/lexikon\/termek\/truppel-gyozo\/"},"modified":"2025-08-01T17:36:36","modified_gmt":"2025-08-01T15:36:36","slug":"truppel-gyozo","status":"publish","type":"product","link":"https:\/\/uj.adatbank.ro\/lexikon\/termek\/truppel-gyozo\/","title":{"rendered":"TRUPPEL Gy\u0151z\u0151"},"content":{"rendered":"<p>1874. aug. 15., \u2020 ?: r. k. pap, baptista lelk\u00e9sz. \u2013 Papp\u00e1 szentelt\u00e9k (1899. j\u00fal. 6.). K\u00e1pl\u00e1n Sz\u00e1szr\u00e9genben, Beszterc\u00e9n, Brass\u00f3ban, Nagyszebenben, Kv.-on. Bp.-en hitoktat\u00f3. Pl\u00e9b\u00e1nos Abosfalv\u00e1n (1914), Dics\u0151szentm\u00e1rtonban (1918\u2013), \u0151t k\u00f6vette Garabet Ger\u0151. Felf\u00fcggesztett\u00e9k. Baptista lelk\u00e9sz lett. \u2013  <strong>F. m..:<\/strong> Az ember fia (Cluj-Kv., 1920). <br \/><strong>\u2013 Irod.:<\/strong> Ferenczi S\u00e1ndor 2009; Gy\u00f6rgy 1926; Maros-k\u00fck\u00fcll\u0151i f\u0151esp.<\/br><\/p>\n","protected":false},"excerpt":{"rendered":"<p>1874. aug. 15., \u2020 ?: r. k. pap, baptista lelk\u00e9sz. \u2013 Papp\u00e1 szentelt\u00e9k (1899. j\u00fal. 6.). K\u00e1pl\u00e1n Sz\u00e1szr\u00e9genben, Beszterc\u00e9n, Brass\u00f3ban, Nagyszebenben, Kv.-on. Bp.-en hitoktat\u00f3. Pl\u00e9b\u00e1nos Abosfalv\u00e1n (1914), Dics\u0151szentm\u00e1rtonban (1918\u2013), \u0151t k\u00f6vette Garabet Ger\u0151. Felf\u00fcggesztett\u00e9k. Baptista lelk\u00e9sz lett. \u2013 F. m..: Az ember fia (Cluj-Kv., 1920). \u2013 Irod.: Ferenczi S\u00e1ndor 2009; Gy\u00f6rgy 1926; Maros-k\u00fck\u00fcll\u0151i f\u0151esp.<\/p>\n","protected":false},"featured_media":0,"comment_status":"open","ping_status":"closed","template":"","meta":[],"product_brand":[],"product_cat":[137],"product_tag":[],"class_list":{"0":"post-23662","1":"product","2":"type-product","3":"status-publish","5":"product_cat-maros-megyei-eletrajzi-lexikon","7":"first","8":"instock","9":"shipping-taxable","10":"product-type-simple"},"_links":{"self":[{"href":"https:\/\/uj.adatbank.ro\/lexikon\/wp-json\/wp\/v2\/product\/23662","targetHints":{"allow":["GET"]}}],"collection":[{"href":"https:\/\/uj.adatbank.ro\/lexikon\/wp-json\/wp\/v2\/product"}],"about":[{"href":"https:\/\/uj.adatbank.ro\/lexikon\/wp-json\/wp\/v2\/types\/product"}],"replies":[{"embeddable":true,"href":"https:\/\/uj.adatbank.ro\/lexikon\/wp-json\/wp\/v2\/comments?post=23662"}],"wp:attachment":[{"href":"https:\/\/uj.adatbank.ro\/lexikon\/wp-json\/wp\/v2\/media?parent=23662"}],"wp:term":[{"taxonomy":"product_brand","embeddable":true,"href":"https:\/\/uj.adatbank.ro\/lexikon\/wp-json\/wp\/v2\/product_brand?post=23662"},{"taxonomy":"product_cat","embeddable":true,"href":"https:\/\/uj.adatbank.ro\/lexikon\/wp-json\/wp\/v2\/product_cat?post=23662"},{"taxonomy":"product_tag","embeddable":true,"href":"https:\/\/uj.adatbank.ro\/lexikon\/wp-json\/wp\/v2\/product_tag?post=23662"}],"curies":[{"name":"wp","href":"https:\/\/api.w.org\/{rel}","templated":true}]}}