{"id":23666,"date":"2025-08-01T17:36:45","date_gmt":"2025-08-01T15:36:45","guid":{"rendered":"https:\/\/uj.adatbank.ro\/lexikon\/termek\/truta-ladislau-truta-laszlo\/"},"modified":"2025-08-01T17:36:45","modified_gmt":"2025-08-01T15:36:45","slug":"truta-ladislau-truta-laszlo","status":"publish","type":"product","link":"https:\/\/uj.adatbank.ro\/lexikon\/termek\/truta-ladislau-truta-laszlo\/","title":{"rendered":"TRU\u0162\u0102, Ladislau, Tru\u0163\u0103 L\u00e1szl\u00f3"},"content":{"rendered":"<p>Fels\u0151b\u00f6lk\u00e9ny, 1784., \u2020 Fels\u0151b\u00f6lk\u00e9ny, 1839.: g. kat.pap, f\u00f6ldbirtokos nemes. \u2013 Keresztnev\u00e9t mindig az uralkod\u00f3 rendszer szerint haszn\u00e1lta. Papp\u00e1 szentelt\u00e9k (1815) \u00e9s Fels\u0151b\u00f6lk\u00e9nybe helyezt\u00e9k. <br \/><strong>\u2013 Irod.:<\/strong> Dobozi.<\/br><\/p>\n","protected":false},"excerpt":{"rendered":"<p>Fels\u0151b\u00f6lk\u00e9ny, 1784., \u2020 Fels\u0151b\u00f6lk\u00e9ny, 1839.: g. kat.pap, f\u00f6ldbirtokos nemes. \u2013 Keresztnev\u00e9t mindig az uralkod\u00f3 rendszer szerint haszn\u00e1lta. Papp\u00e1 szentelt\u00e9k (1815) \u00e9s Fels\u0151b\u00f6lk\u00e9nybe helyezt\u00e9k. \u2013 Irod.: Dobozi.<\/p>\n","protected":false},"featured_media":0,"comment_status":"open","ping_status":"closed","template":"","meta":[],"product_brand":[],"product_cat":[137],"product_tag":[],"class_list":{"0":"post-23666","1":"product","2":"type-product","3":"status-publish","5":"product_cat-maros-megyei-eletrajzi-lexikon","7":"first","8":"instock","9":"shipping-taxable","10":"product-type-simple"},"_links":{"self":[{"href":"https:\/\/uj.adatbank.ro\/lexikon\/wp-json\/wp\/v2\/product\/23666","targetHints":{"allow":["GET"]}}],"collection":[{"href":"https:\/\/uj.adatbank.ro\/lexikon\/wp-json\/wp\/v2\/product"}],"about":[{"href":"https:\/\/uj.adatbank.ro\/lexikon\/wp-json\/wp\/v2\/types\/product"}],"replies":[{"embeddable":true,"href":"https:\/\/uj.adatbank.ro\/lexikon\/wp-json\/wp\/v2\/comments?post=23666"}],"wp:attachment":[{"href":"https:\/\/uj.adatbank.ro\/lexikon\/wp-json\/wp\/v2\/media?parent=23666"}],"wp:term":[{"taxonomy":"product_brand","embeddable":true,"href":"https:\/\/uj.adatbank.ro\/lexikon\/wp-json\/wp\/v2\/product_brand?post=23666"},{"taxonomy":"product_cat","embeddable":true,"href":"https:\/\/uj.adatbank.ro\/lexikon\/wp-json\/wp\/v2\/product_cat?post=23666"},{"taxonomy":"product_tag","embeddable":true,"href":"https:\/\/uj.adatbank.ro\/lexikon\/wp-json\/wp\/v2\/product_tag?post=23666"}],"curies":[{"name":"wp","href":"https:\/\/api.w.org\/{rel}","templated":true}]}}