{"id":23668,"date":"2025-08-01T17:36:49","date_gmt":"2025-08-01T15:36:49","guid":{"rendered":"https:\/\/uj.adatbank.ro\/lexikon\/termek\/truta-nicolae\/"},"modified":"2025-08-01T17:36:49","modified_gmt":"2025-08-01T15:36:49","slug":"truta-nicolae","status":"publish","type":"product","link":"https:\/\/uj.adatbank.ro\/lexikon\/termek\/truta-nicolae\/","title":{"rendered":"TRU\u0162\u0102, Nicolae"},"content":{"rendered":"<p>G\u00f6rg\u00e9ny, 1907. szept. 6., \u2020 Lib\u00e1nfalva, 1999. okt. 27., tan\u00edt\u00f3. \u2013 Tan\u00edt\u00f3k\u00e9pz\u0151t Kv.-on v\u00e9gzett (1926). Tan\u00edtott: Illy\u00e9smez\u0151 (Maros) (1926\u201329), G\u00f6demesterh\u00e1z\u00e1n, ahol \u00faj iskol\u00e1t \u00e9p\u00edttetett \u00e9s szerelt fel (1929\u201337), G\u00f6rg\u00e9ny (1938\u201340), Kisnyulas (1941\u201343). A h\u00e1bor\u00fa ut\u00e1n ism\u00e9t G\u00f6demesterh\u00e1z\u00e1n tan\u00edtott nyugd\u00edjaz\u00e1s\u00e1ig (1944\u201370). II. fokozati vizsg\u00e1t tett. <br \/><strong>\u2013 Irod.:<\/strong> Dasc\u0103li mure\u015feni, 3.<\/br><\/p>\n","protected":false},"excerpt":{"rendered":"<p>G\u00f6rg\u00e9ny, 1907. szept. 6., \u2020 Lib\u00e1nfalva, 1999. okt. 27., tan\u00edt\u00f3. \u2013 Tan\u00edt\u00f3k\u00e9pz\u0151t Kv.-on v\u00e9gzett (1926). Tan\u00edtott: Illy\u00e9smez\u0151 (Maros) (1926\u201329), G\u00f6demesterh\u00e1z\u00e1n, ahol \u00faj iskol\u00e1t \u00e9p\u00edttetett \u00e9s szerelt fel (1929\u201337), G\u00f6rg\u00e9ny (1938\u201340), Kisnyulas (1941\u201343). A h\u00e1bor\u00fa ut\u00e1n ism\u00e9t G\u00f6demesterh\u00e1z\u00e1n tan\u00edtott nyugd\u00edjaz\u00e1s\u00e1ig (1944\u201370). II. fokozati vizsg\u00e1t tett. \u2013 Irod.: Dasc\u0103li mure\u015feni, 3.<\/p>\n","protected":false},"featured_media":0,"comment_status":"open","ping_status":"closed","template":"","meta":[],"product_brand":[],"product_cat":[137],"product_tag":[],"class_list":{"0":"post-23668","1":"product","2":"type-product","3":"status-publish","5":"product_cat-maros-megyei-eletrajzi-lexikon","7":"first","8":"instock","9":"shipping-taxable","10":"product-type-simple"},"_links":{"self":[{"href":"https:\/\/uj.adatbank.ro\/lexikon\/wp-json\/wp\/v2\/product\/23668","targetHints":{"allow":["GET"]}}],"collection":[{"href":"https:\/\/uj.adatbank.ro\/lexikon\/wp-json\/wp\/v2\/product"}],"about":[{"href":"https:\/\/uj.adatbank.ro\/lexikon\/wp-json\/wp\/v2\/types\/product"}],"replies":[{"embeddable":true,"href":"https:\/\/uj.adatbank.ro\/lexikon\/wp-json\/wp\/v2\/comments?post=23668"}],"wp:attachment":[{"href":"https:\/\/uj.adatbank.ro\/lexikon\/wp-json\/wp\/v2\/media?parent=23668"}],"wp:term":[{"taxonomy":"product_brand","embeddable":true,"href":"https:\/\/uj.adatbank.ro\/lexikon\/wp-json\/wp\/v2\/product_brand?post=23668"},{"taxonomy":"product_cat","embeddable":true,"href":"https:\/\/uj.adatbank.ro\/lexikon\/wp-json\/wp\/v2\/product_cat?post=23668"},{"taxonomy":"product_tag","embeddable":true,"href":"https:\/\/uj.adatbank.ro\/lexikon\/wp-json\/wp\/v2\/product_tag?post=23668"}],"curies":[{"name":"wp","href":"https:\/\/api.w.org\/{rel}","templated":true}]}}