{"id":23670,"date":"2025-08-01T17:36:53","date_gmt":"2025-08-01T15:36:53","guid":{"rendered":"https:\/\/uj.adatbank.ro\/lexikon\/termek\/truta-sandu\/"},"modified":"2025-08-01T17:36:53","modified_gmt":"2025-08-01T15:36:53","slug":"truta-sandu","status":"publish","type":"product","link":"https:\/\/uj.adatbank.ro\/lexikon\/termek\/truta-sandu\/","title":{"rendered":"TRU\u0162A, Sandu"},"content":{"rendered":"<p>Fels\u0151b\u00f6lk\u00e9ny, ? \u2020 ?: g. kat. pap. \u2013 T. Vasile fia, aki Fels\u0151b\u00f6lk\u00e9nyben volt pap. Ez a csal\u00e1d adta a falu papjait t\u00f6bb nemzed\u00e9ken \u00e1t. \u2013 Sz\u00fcl\u0151faluj\u00e1ban szolg\u00e1lt (1817\u2013). <br \/><strong>\u2013 Irod.:<\/strong> Dobozi.<\/br><\/p>\n","protected":false},"excerpt":{"rendered":"<p>Fels\u0151b\u00f6lk\u00e9ny, ? \u2020 ?: g. kat. pap. \u2013 T. Vasile fia, aki Fels\u0151b\u00f6lk\u00e9nyben volt pap. Ez a csal\u00e1d adta a falu papjait t\u00f6bb nemzed\u00e9ken \u00e1t. \u2013 Sz\u00fcl\u0151faluj\u00e1ban szolg\u00e1lt (1817\u2013). \u2013 Irod.: Dobozi.<\/p>\n","protected":false},"featured_media":0,"comment_status":"open","ping_status":"closed","template":"","meta":[],"product_brand":[],"product_cat":[137],"product_tag":[],"class_list":{"0":"post-23670","1":"product","2":"type-product","3":"status-publish","5":"product_cat-maros-megyei-eletrajzi-lexikon","7":"first","8":"instock","9":"shipping-taxable","10":"product-type-simple"},"_links":{"self":[{"href":"https:\/\/uj.adatbank.ro\/lexikon\/wp-json\/wp\/v2\/product\/23670","targetHints":{"allow":["GET"]}}],"collection":[{"href":"https:\/\/uj.adatbank.ro\/lexikon\/wp-json\/wp\/v2\/product"}],"about":[{"href":"https:\/\/uj.adatbank.ro\/lexikon\/wp-json\/wp\/v2\/types\/product"}],"replies":[{"embeddable":true,"href":"https:\/\/uj.adatbank.ro\/lexikon\/wp-json\/wp\/v2\/comments?post=23670"}],"wp:attachment":[{"href":"https:\/\/uj.adatbank.ro\/lexikon\/wp-json\/wp\/v2\/media?parent=23670"}],"wp:term":[{"taxonomy":"product_brand","embeddable":true,"href":"https:\/\/uj.adatbank.ro\/lexikon\/wp-json\/wp\/v2\/product_brand?post=23670"},{"taxonomy":"product_cat","embeddable":true,"href":"https:\/\/uj.adatbank.ro\/lexikon\/wp-json\/wp\/v2\/product_cat?post=23670"},{"taxonomy":"product_tag","embeddable":true,"href":"https:\/\/uj.adatbank.ro\/lexikon\/wp-json\/wp\/v2\/product_tag?post=23670"}],"curies":[{"name":"wp","href":"https:\/\/api.w.org\/{rel}","templated":true}]}}