{"id":23674,"date":"2025-08-01T17:37:02","date_gmt":"2025-08-01T15:37:02","guid":{"rendered":"https:\/\/uj.adatbank.ro\/lexikon\/termek\/trutza-nicolaus-id\/"},"modified":"2025-08-01T17:37:02","modified_gmt":"2025-08-01T15:37:02","slug":"trutza-nicolaus-id","status":"publish","type":"product","link":"https:\/\/uj.adatbank.ro\/lexikon\/termek\/trutza-nicolaus-id\/","title":{"rendered":"TRUTZA, Nicolaus, id."},"content":{"rendered":"<p>Fels\u0151b\u00f6lk\u00e9ny, 1748., \u2020 Fels\u0151b\u00f6lk\u00e9ny, 1838.: f\u00f6ldbirtokos. \u2013 Nemes csal\u00e1d sarja. <br \/><strong>\u2013 Irod.:<\/strong> Dobozi.<\/br><\/p>\n","protected":false},"excerpt":{"rendered":"<p>Fels\u0151b\u00f6lk\u00e9ny, 1748., \u2020 Fels\u0151b\u00f6lk\u00e9ny, 1838.: f\u00f6ldbirtokos. \u2013 Nemes csal\u00e1d sarja. \u2013 Irod.: Dobozi.<\/p>\n","protected":false},"featured_media":0,"comment_status":"open","ping_status":"closed","template":"","meta":[],"product_brand":[],"product_cat":[137],"product_tag":[],"class_list":{"0":"post-23674","1":"product","2":"type-product","3":"status-publish","5":"product_cat-maros-megyei-eletrajzi-lexikon","7":"first","8":"instock","9":"shipping-taxable","10":"product-type-simple"},"_links":{"self":[{"href":"https:\/\/uj.adatbank.ro\/lexikon\/wp-json\/wp\/v2\/product\/23674","targetHints":{"allow":["GET"]}}],"collection":[{"href":"https:\/\/uj.adatbank.ro\/lexikon\/wp-json\/wp\/v2\/product"}],"about":[{"href":"https:\/\/uj.adatbank.ro\/lexikon\/wp-json\/wp\/v2\/types\/product"}],"replies":[{"embeddable":true,"href":"https:\/\/uj.adatbank.ro\/lexikon\/wp-json\/wp\/v2\/comments?post=23674"}],"wp:attachment":[{"href":"https:\/\/uj.adatbank.ro\/lexikon\/wp-json\/wp\/v2\/media?parent=23674"}],"wp:term":[{"taxonomy":"product_brand","embeddable":true,"href":"https:\/\/uj.adatbank.ro\/lexikon\/wp-json\/wp\/v2\/product_brand?post=23674"},{"taxonomy":"product_cat","embeddable":true,"href":"https:\/\/uj.adatbank.ro\/lexikon\/wp-json\/wp\/v2\/product_cat?post=23674"},{"taxonomy":"product_tag","embeddable":true,"href":"https:\/\/uj.adatbank.ro\/lexikon\/wp-json\/wp\/v2\/product_tag?post=23674"}],"curies":[{"name":"wp","href":"https:\/\/api.w.org\/{rel}","templated":true}]}}