{"id":23676,"date":"2025-08-01T17:37:07","date_gmt":"2025-08-01T15:37:07","guid":{"rendered":"https:\/\/uj.adatbank.ro\/lexikon\/termek\/tudoran-traian\/"},"modified":"2025-08-01T17:37:07","modified_gmt":"2025-08-01T15:37:07","slug":"tudoran-traian","status":"publish","type":"product","link":"https:\/\/uj.adatbank.ro\/lexikon\/termek\/tudoran-traian\/","title":{"rendered":"TUDORAN, Traian"},"content":{"rendered":"<p>? \u2020 ?: ort.pap. \u2013 G\u00f6rg\u00e9nykakucsban \u00e9s Fels\u0151orosziban (1975 el\u0151tt). <br \/><strong>\u2013 Irod.:<\/strong> Reghin, Protopopiat.<\/br><\/p>\n","protected":false},"excerpt":{"rendered":"<p>? \u2020 ?: ort.pap. \u2013 G\u00f6rg\u00e9nykakucsban \u00e9s Fels\u0151orosziban (1975 el\u0151tt). \u2013 Irod.: Reghin, Protopopiat.<\/p>\n","protected":false},"featured_media":0,"comment_status":"open","ping_status":"closed","template":"","meta":[],"product_brand":[],"product_cat":[137],"product_tag":[],"class_list":{"0":"post-23676","1":"product","2":"type-product","3":"status-publish","5":"product_cat-maros-megyei-eletrajzi-lexikon","7":"first","8":"instock","9":"shipping-taxable","10":"product-type-simple"},"_links":{"self":[{"href":"https:\/\/uj.adatbank.ro\/lexikon\/wp-json\/wp\/v2\/product\/23676","targetHints":{"allow":["GET"]}}],"collection":[{"href":"https:\/\/uj.adatbank.ro\/lexikon\/wp-json\/wp\/v2\/product"}],"about":[{"href":"https:\/\/uj.adatbank.ro\/lexikon\/wp-json\/wp\/v2\/types\/product"}],"replies":[{"embeddable":true,"href":"https:\/\/uj.adatbank.ro\/lexikon\/wp-json\/wp\/v2\/comments?post=23676"}],"wp:attachment":[{"href":"https:\/\/uj.adatbank.ro\/lexikon\/wp-json\/wp\/v2\/media?parent=23676"}],"wp:term":[{"taxonomy":"product_brand","embeddable":true,"href":"https:\/\/uj.adatbank.ro\/lexikon\/wp-json\/wp\/v2\/product_brand?post=23676"},{"taxonomy":"product_cat","embeddable":true,"href":"https:\/\/uj.adatbank.ro\/lexikon\/wp-json\/wp\/v2\/product_cat?post=23676"},{"taxonomy":"product_tag","embeddable":true,"href":"https:\/\/uj.adatbank.ro\/lexikon\/wp-json\/wp\/v2\/product_tag?post=23676"}],"curies":[{"name":"wp","href":"https:\/\/api.w.org\/{rel}","templated":true}]}}