{"id":23678,"date":"2025-08-01T17:37:11","date_gmt":"2025-08-01T15:37:11","guid":{"rendered":"https:\/\/uj.adatbank.ro\/lexikon\/termek\/tuka-eva-korpos-ernone\/"},"modified":"2025-08-01T17:37:11","modified_gmt":"2025-08-01T15:37:11","slug":"tuka-eva-korpos-ernone","status":"publish","type":"product","link":"https:\/\/uj.adatbank.ro\/lexikon\/termek\/tuka-eva-korpos-ernone\/","title":{"rendered":"TUKA \u00c9va, Korpos Ern\u0151n\u00e9"},"content":{"rendered":"<p>? \u2020 Bp., 1999. febr. 14, Mv.-re temett\u00e9k: a tervez\u0151int\u00e9zet m\u00e9rn\u00f6ke. <br \/><strong>\u2013 Irod.:<\/strong> [Nekrol\u00f3g] (N\u00fa., 1999. febr. 17.).<\/br><\/p>\n","protected":false},"excerpt":{"rendered":"<p>? \u2020 Bp., 1999. febr. 14, Mv.-re temett\u00e9k: a tervez\u0151int\u00e9zet m\u00e9rn\u00f6ke. \u2013 Irod.: [Nekrol\u00f3g] (N\u00fa., 1999. febr. 17.).<\/p>\n","protected":false},"featured_media":0,"comment_status":"open","ping_status":"closed","template":"","meta":[],"product_brand":[],"product_cat":[137],"product_tag":[],"class_list":{"0":"post-23678","1":"product","2":"type-product","3":"status-publish","5":"product_cat-maros-megyei-eletrajzi-lexikon","7":"first","8":"instock","9":"shipping-taxable","10":"product-type-simple"},"_links":{"self":[{"href":"https:\/\/uj.adatbank.ro\/lexikon\/wp-json\/wp\/v2\/product\/23678","targetHints":{"allow":["GET"]}}],"collection":[{"href":"https:\/\/uj.adatbank.ro\/lexikon\/wp-json\/wp\/v2\/product"}],"about":[{"href":"https:\/\/uj.adatbank.ro\/lexikon\/wp-json\/wp\/v2\/types\/product"}],"replies":[{"embeddable":true,"href":"https:\/\/uj.adatbank.ro\/lexikon\/wp-json\/wp\/v2\/comments?post=23678"}],"wp:attachment":[{"href":"https:\/\/uj.adatbank.ro\/lexikon\/wp-json\/wp\/v2\/media?parent=23678"}],"wp:term":[{"taxonomy":"product_brand","embeddable":true,"href":"https:\/\/uj.adatbank.ro\/lexikon\/wp-json\/wp\/v2\/product_brand?post=23678"},{"taxonomy":"product_cat","embeddable":true,"href":"https:\/\/uj.adatbank.ro\/lexikon\/wp-json\/wp\/v2\/product_cat?post=23678"},{"taxonomy":"product_tag","embeddable":true,"href":"https:\/\/uj.adatbank.ro\/lexikon\/wp-json\/wp\/v2\/product_tag?post=23678"}],"curies":[{"name":"wp","href":"https:\/\/api.w.org\/{rel}","templated":true}]}}