{"id":23679,"date":"2025-08-01T17:37:13","date_gmt":"2025-08-01T15:37:13","guid":{"rendered":"https:\/\/uj.adatbank.ro\/lexikon\/termek\/tulit-ignac-p\/"},"modified":"2025-08-01T17:37:13","modified_gmt":"2025-08-01T15:37:13","slug":"tulit-ignac-p","status":"publish","type":"product","link":"https:\/\/uj.adatbank.ro\/lexikon\/termek\/tulit-ignac-p\/","title":{"rendered":"TULIT Ign\u00e1c, P."},"content":{"rendered":"<p>Cs\u00edkszentgy\u00f6rgy, 1817. jan. 26., \u2020 Radn\u00f3t, 1878. dec. 14. ferences szerzetes. \u2013 Be\u00f6lt\u00f6z\u00f6tt (1836. jan. 13.), felszentelt\u00e9k (1841. m\u00e1rc. 12.). Lelk\u00e9sz volt Radn\u00f3ton. <br \/><strong>\u2013 Irod.:<\/strong> Gy\u00f6rgy: A ferencrendiek.<\/br><\/p>\n","protected":false},"excerpt":{"rendered":"<p>Cs\u00edkszentgy\u00f6rgy, 1817. jan. 26., \u2020 Radn\u00f3t, 1878. dec. 14. ferences szerzetes. \u2013 Be\u00f6lt\u00f6z\u00f6tt (1836. jan. 13.), felszentelt\u00e9k (1841. m\u00e1rc. 12.). Lelk\u00e9sz volt Radn\u00f3ton. \u2013 Irod.: Gy\u00f6rgy: A ferencrendiek.<\/p>\n","protected":false},"featured_media":0,"comment_status":"open","ping_status":"closed","template":"","meta":[],"product_brand":[],"product_cat":[137],"product_tag":[],"class_list":{"0":"post-23679","1":"product","2":"type-product","3":"status-publish","5":"product_cat-maros-megyei-eletrajzi-lexikon","7":"first","8":"instock","9":"shipping-taxable","10":"product-type-simple"},"_links":{"self":[{"href":"https:\/\/uj.adatbank.ro\/lexikon\/wp-json\/wp\/v2\/product\/23679","targetHints":{"allow":["GET"]}}],"collection":[{"href":"https:\/\/uj.adatbank.ro\/lexikon\/wp-json\/wp\/v2\/product"}],"about":[{"href":"https:\/\/uj.adatbank.ro\/lexikon\/wp-json\/wp\/v2\/types\/product"}],"replies":[{"embeddable":true,"href":"https:\/\/uj.adatbank.ro\/lexikon\/wp-json\/wp\/v2\/comments?post=23679"}],"wp:attachment":[{"href":"https:\/\/uj.adatbank.ro\/lexikon\/wp-json\/wp\/v2\/media?parent=23679"}],"wp:term":[{"taxonomy":"product_brand","embeddable":true,"href":"https:\/\/uj.adatbank.ro\/lexikon\/wp-json\/wp\/v2\/product_brand?post=23679"},{"taxonomy":"product_cat","embeddable":true,"href":"https:\/\/uj.adatbank.ro\/lexikon\/wp-json\/wp\/v2\/product_cat?post=23679"},{"taxonomy":"product_tag","embeddable":true,"href":"https:\/\/uj.adatbank.ro\/lexikon\/wp-json\/wp\/v2\/product_tag?post=23679"}],"curies":[{"name":"wp","href":"https:\/\/api.w.org\/{rel}","templated":true}]}}