{"id":23680,"date":"2025-08-01T17:37:15","date_gmt":"2025-08-01T15:37:15","guid":{"rendered":"https:\/\/uj.adatbank.ro\/lexikon\/termek\/tulit-victoria\/"},"modified":"2025-08-01T17:37:15","modified_gmt":"2025-08-01T15:37:15","slug":"tulit-victoria","status":"publish","type":"product","link":"https:\/\/uj.adatbank.ro\/lexikon\/termek\/tulit-victoria\/","title":{"rendered":"TULIT Victoria"},"content":{"rendered":"<p>? \u2020 Mv., 19 ?, m\u00e1j. 12.: k\u00f6nyvkeresked\u0151. \u2013 Tulit J\u00e1nosn\u00e9 T\u00f3ri, sz\u00fcletett Her\u021began Victoria, fiaik: Csaba (1970) ter\u00fcletrendez\u0151; Zsolt \u00e9s Levente (1975). \u2013 2001-t\u0151l a Mv.-i M\u00e1trai Szeretetszolg\u00e1lat vezet\u0151je, \u00e9s 73. \u00e9let\u00e9v\u00e9ben bek\u00f6vetkezett hal\u00e1l\u00e1ig odaad\u00e1ssal v\u00e9gezte munk\u00e1j\u00e1t <br \/><strong>\u2013 Irod.:<\/strong> EMKK2010.<\/br><\/p>\n","protected":false},"excerpt":{"rendered":"<p>? \u2020 Mv., 19 ?, m\u00e1j. 12.: k\u00f6nyvkeresked\u0151. \u2013 Tulit J\u00e1nosn\u00e9 T\u00f3ri, sz\u00fcletett Her\u021began Victoria, fiaik: Csaba (1970) ter\u00fcletrendez\u0151; Zsolt \u00e9s Levente (1975). \u2013 2001-t\u0151l a Mv.-i M\u00e1trai Szeretetszolg\u00e1lat vezet\u0151je, \u00e9s 73. \u00e9let\u00e9v\u00e9ben bek\u00f6vetkezett hal\u00e1l\u00e1ig odaad\u00e1ssal v\u00e9gezte munk\u00e1j\u00e1t \u2013 Irod.: EMKK2010.<\/p>\n","protected":false},"featured_media":0,"comment_status":"open","ping_status":"closed","template":"","meta":[],"product_brand":[],"product_cat":[137],"product_tag":[],"class_list":{"0":"post-23680","1":"product","2":"type-product","3":"status-publish","5":"product_cat-maros-megyei-eletrajzi-lexikon","7":"first","8":"instock","9":"shipping-taxable","10":"product-type-simple"},"_links":{"self":[{"href":"https:\/\/uj.adatbank.ro\/lexikon\/wp-json\/wp\/v2\/product\/23680","targetHints":{"allow":["GET"]}}],"collection":[{"href":"https:\/\/uj.adatbank.ro\/lexikon\/wp-json\/wp\/v2\/product"}],"about":[{"href":"https:\/\/uj.adatbank.ro\/lexikon\/wp-json\/wp\/v2\/types\/product"}],"replies":[{"embeddable":true,"href":"https:\/\/uj.adatbank.ro\/lexikon\/wp-json\/wp\/v2\/comments?post=23680"}],"wp:attachment":[{"href":"https:\/\/uj.adatbank.ro\/lexikon\/wp-json\/wp\/v2\/media?parent=23680"}],"wp:term":[{"taxonomy":"product_brand","embeddable":true,"href":"https:\/\/uj.adatbank.ro\/lexikon\/wp-json\/wp\/v2\/product_brand?post=23680"},{"taxonomy":"product_cat","embeddable":true,"href":"https:\/\/uj.adatbank.ro\/lexikon\/wp-json\/wp\/v2\/product_cat?post=23680"},{"taxonomy":"product_tag","embeddable":true,"href":"https:\/\/uj.adatbank.ro\/lexikon\/wp-json\/wp\/v2\/product_tag?post=23680"}],"curies":[{"name":"wp","href":"https:\/\/api.w.org\/{rel}","templated":true}]}}