{"id":23683,"date":"2025-08-01T17:37:23","date_gmt":"2025-08-01T15:37:23","guid":{"rendered":"https:\/\/uj.adatbank.ro\/lexikon\/termek\/tunyogi\/"},"modified":"2025-08-01T17:37:23","modified_gmt":"2025-08-01T15:37:23","slug":"tunyogi","status":"publish","type":"product","link":"https:\/\/uj.adatbank.ro\/lexikon\/termek\/tunyogi\/","title":{"rendered":"TUNYOGI"},"content":{"rendered":"<p>Csap\u00f3i csal\u00e1d. Tal\u00e1n \u0151seinek egyike azon Tunyogi Gergely, aki a XVII. sz\u00e1zad els\u0151 fel\u00e9ben Mih\u00e1ly vajd\u00e1t lev\u00e1gta. <br \/><strong>\u2013 Irod.:<\/strong> Nagy Iv\u00e1n.<\/br><\/p>\n","protected":false},"excerpt":{"rendered":"<p>Csap\u00f3i csal\u00e1d. Tal\u00e1n \u0151seinek egyike azon Tunyogi Gergely, aki a XVII. sz\u00e1zad els\u0151 fel\u00e9ben Mih\u00e1ly vajd\u00e1t lev\u00e1gta. \u2013 Irod.: Nagy Iv\u00e1n.<\/p>\n","protected":false},"featured_media":0,"comment_status":"open","ping_status":"closed","template":"","meta":[],"product_brand":[],"product_cat":[137],"product_tag":[],"class_list":{"0":"post-23683","1":"product","2":"type-product","3":"status-publish","5":"product_cat-maros-megyei-eletrajzi-lexikon","7":"first","8":"instock","9":"shipping-taxable","10":"product-type-simple"},"_links":{"self":[{"href":"https:\/\/uj.adatbank.ro\/lexikon\/wp-json\/wp\/v2\/product\/23683","targetHints":{"allow":["GET"]}}],"collection":[{"href":"https:\/\/uj.adatbank.ro\/lexikon\/wp-json\/wp\/v2\/product"}],"about":[{"href":"https:\/\/uj.adatbank.ro\/lexikon\/wp-json\/wp\/v2\/types\/product"}],"replies":[{"embeddable":true,"href":"https:\/\/uj.adatbank.ro\/lexikon\/wp-json\/wp\/v2\/comments?post=23683"}],"wp:attachment":[{"href":"https:\/\/uj.adatbank.ro\/lexikon\/wp-json\/wp\/v2\/media?parent=23683"}],"wp:term":[{"taxonomy":"product_brand","embeddable":true,"href":"https:\/\/uj.adatbank.ro\/lexikon\/wp-json\/wp\/v2\/product_brand?post=23683"},{"taxonomy":"product_cat","embeddable":true,"href":"https:\/\/uj.adatbank.ro\/lexikon\/wp-json\/wp\/v2\/product_cat?post=23683"},{"taxonomy":"product_tag","embeddable":true,"href":"https:\/\/uj.adatbank.ro\/lexikon\/wp-json\/wp\/v2\/product_tag?post=23683"}],"curies":[{"name":"wp","href":"https:\/\/api.w.org\/{rel}","templated":true}]}}