{"id":23684,"date":"2025-08-01T17:37:26","date_gmt":"2025-08-01T15:37:26","guid":{"rendered":"https:\/\/uj.adatbank.ro\/lexikon\/termek\/tunyogi-csapo-andras\/"},"modified":"2025-08-01T17:37:26","modified_gmt":"2025-08-01T15:37:26","slug":"tunyogi-csapo-andras","status":"publish","type":"product","link":"https:\/\/uj.adatbank.ro\/lexikon\/termek\/tunyogi-csapo-andras\/","title":{"rendered":"TUNYOGI CSAP\u00d3 Andr\u00e1s"},"content":{"rendered":"<p>1879. j\u00fal. 17. ? \u2020 ?: r. k. pap. \u2013 Papp\u00e1 szentelt\u00e9k (1901. dec. 21.). K\u00e1pl\u00e1n Piskitelepen, Torj\u00e1n \u00e9s Sz\u00e1szr\u00e9genben (1902\u201305). Pl\u00e9b\u00e1nos Mik\u00f3\u00fajfaluban, Parajdon, Altorj\u00e1n. Felf\u00fcggesztett\u00e9k (1919). <br \/><strong>\u2013 Irod.:<\/strong> Ferenczi S\u00e1ndor 2009.<\/br><\/p>\n","protected":false},"excerpt":{"rendered":"<p>1879. j\u00fal. 17. ? \u2020 ?: r. k. pap. \u2013 Papp\u00e1 szentelt\u00e9k (1901. dec. 21.). K\u00e1pl\u00e1n Piskitelepen, Torj\u00e1n \u00e9s Sz\u00e1szr\u00e9genben (1902\u201305). Pl\u00e9b\u00e1nos Mik\u00f3\u00fajfaluban, Parajdon, Altorj\u00e1n. Felf\u00fcggesztett\u00e9k (1919). \u2013 Irod.: Ferenczi S\u00e1ndor 2009.<\/p>\n","protected":false},"featured_media":0,"comment_status":"open","ping_status":"closed","template":"","meta":[],"product_brand":[],"product_cat":[137],"product_tag":[],"class_list":{"0":"post-23684","1":"product","2":"type-product","3":"status-publish","5":"product_cat-maros-megyei-eletrajzi-lexikon","7":"first","8":"instock","9":"shipping-taxable","10":"product-type-simple"},"_links":{"self":[{"href":"https:\/\/uj.adatbank.ro\/lexikon\/wp-json\/wp\/v2\/product\/23684","targetHints":{"allow":["GET"]}}],"collection":[{"href":"https:\/\/uj.adatbank.ro\/lexikon\/wp-json\/wp\/v2\/product"}],"about":[{"href":"https:\/\/uj.adatbank.ro\/lexikon\/wp-json\/wp\/v2\/types\/product"}],"replies":[{"embeddable":true,"href":"https:\/\/uj.adatbank.ro\/lexikon\/wp-json\/wp\/v2\/comments?post=23684"}],"wp:attachment":[{"href":"https:\/\/uj.adatbank.ro\/lexikon\/wp-json\/wp\/v2\/media?parent=23684"}],"wp:term":[{"taxonomy":"product_brand","embeddable":true,"href":"https:\/\/uj.adatbank.ro\/lexikon\/wp-json\/wp\/v2\/product_brand?post=23684"},{"taxonomy":"product_cat","embeddable":true,"href":"https:\/\/uj.adatbank.ro\/lexikon\/wp-json\/wp\/v2\/product_cat?post=23684"},{"taxonomy":"product_tag","embeddable":true,"href":"https:\/\/uj.adatbank.ro\/lexikon\/wp-json\/wp\/v2\/product_tag?post=23684"}],"curies":[{"name":"wp","href":"https:\/\/api.w.org\/{rel}","templated":true}]}}