{"id":23685,"date":"2025-08-01T17:37:29","date_gmt":"2025-08-01T15:37:29","guid":{"rendered":"https:\/\/uj.adatbank.ro\/lexikon\/termek\/tunyogi-csapo-andrasne-orosz-adel\/"},"modified":"2025-08-01T17:37:29","modified_gmt":"2025-08-01T15:37:29","slug":"tunyogi-csapo-andrasne-orosz-adel","status":"publish","type":"product","link":"https:\/\/uj.adatbank.ro\/lexikon\/termek\/tunyogi-csapo-andrasne-orosz-adel\/","title":{"rendered":"TUNYOGI CSAPO Andr\u00e1sn\u00e9, OROSZ Ad\u00e9l"},"content":{"rendered":"<p>Radn\u00f3tf\u00e1ja, 1908. \u2020 ?: akvarellfest\u0151. \u2013 N\u00e9meto.-ba, majd az AE\u00c1-ba k\u00f6lt\u00f6z\u00f6tt (1945 k\u00f6r\u00fcl). Norfolkban (AE\u00c1) tanult \u00e9s dolgozott az \u00e1llami egyetem m\u0171v\u00e9szeti oszt\u00e1ly\u00e1n. F\u0151leg akvarelleket festett. <br \/><strong>\u2013 Irod.:<\/strong> Moln\u00e1r; Szab\u00f3\u2013K\u00e1llai.<\/br><\/p>\n","protected":false},"excerpt":{"rendered":"<p>Radn\u00f3tf\u00e1ja, 1908. \u2020 ?: akvarellfest\u0151. \u2013 N\u00e9meto.-ba, majd az AE\u00c1-ba k\u00f6lt\u00f6z\u00f6tt (1945 k\u00f6r\u00fcl). Norfolkban (AE\u00c1) tanult \u00e9s dolgozott az \u00e1llami egyetem m\u0171v\u00e9szeti oszt\u00e1ly\u00e1n. F\u0151leg akvarelleket festett. \u2013 Irod.: Moln\u00e1r; Szab\u00f3\u2013K\u00e1llai.<\/p>\n","protected":false},"featured_media":0,"comment_status":"open","ping_status":"closed","template":"","meta":[],"product_brand":[],"product_cat":[137],"product_tag":[],"class_list":{"0":"post-23685","1":"product","2":"type-product","3":"status-publish","5":"product_cat-maros-megyei-eletrajzi-lexikon","7":"first","8":"instock","9":"shipping-taxable","10":"product-type-simple"},"_links":{"self":[{"href":"https:\/\/uj.adatbank.ro\/lexikon\/wp-json\/wp\/v2\/product\/23685","targetHints":{"allow":["GET"]}}],"collection":[{"href":"https:\/\/uj.adatbank.ro\/lexikon\/wp-json\/wp\/v2\/product"}],"about":[{"href":"https:\/\/uj.adatbank.ro\/lexikon\/wp-json\/wp\/v2\/types\/product"}],"replies":[{"embeddable":true,"href":"https:\/\/uj.adatbank.ro\/lexikon\/wp-json\/wp\/v2\/comments?post=23685"}],"wp:attachment":[{"href":"https:\/\/uj.adatbank.ro\/lexikon\/wp-json\/wp\/v2\/media?parent=23685"}],"wp:term":[{"taxonomy":"product_brand","embeddable":true,"href":"https:\/\/uj.adatbank.ro\/lexikon\/wp-json\/wp\/v2\/product_brand?post=23685"},{"taxonomy":"product_cat","embeddable":true,"href":"https:\/\/uj.adatbank.ro\/lexikon\/wp-json\/wp\/v2\/product_cat?post=23685"},{"taxonomy":"product_tag","embeddable":true,"href":"https:\/\/uj.adatbank.ro\/lexikon\/wp-json\/wp\/v2\/product_tag?post=23685"}],"curies":[{"name":"wp","href":"https:\/\/api.w.org\/{rel}","templated":true}]}}