{"id":23686,"date":"2025-08-01T17:37:31","date_gmt":"2025-08-01T15:37:31","guid":{"rendered":"https:\/\/uj.adatbank.ro\/lexikon\/termek\/tunyogi-csapo-jozsef\/"},"modified":"2025-08-01T17:37:31","modified_gmt":"2025-08-01T15:37:31","slug":"tunyogi-csapo-jozsef","status":"publish","type":"product","link":"https:\/\/uj.adatbank.ro\/lexikon\/termek\/tunyogi-csapo-jozsef\/","title":{"rendered":"TUNYOGI CSAPO J\u00f3zsef"},"content":{"rendered":"<p>1790., \u2020 Kv., 1858. aug. 27. \u2013 Mv.-en tanult (1814\u201316), majd a Kir. T\u00e1bl\u00e1n dolgozott. Kv.-on volt tan\u00e1r, a M. Akad. levelez\u0151 tagja. <br \/><strong>\u2013 Irod.:<\/strong> Gy\u00e1szjelent\u0151; Jak\u00f3 1976.<\/br><\/p>\n","protected":false},"excerpt":{"rendered":"<p>1790., \u2020 Kv., 1858. aug. 27. \u2013 Mv.-en tanult (1814\u201316), majd a Kir. T\u00e1bl\u00e1n dolgozott. Kv.-on volt tan\u00e1r, a M. Akad. levelez\u0151 tagja. \u2013 Irod.: Gy\u00e1szjelent\u0151; Jak\u00f3 1976.<\/p>\n","protected":false},"featured_media":0,"comment_status":"open","ping_status":"closed","template":"","meta":[],"product_brand":[],"product_cat":[137],"product_tag":[],"class_list":{"0":"post-23686","1":"product","2":"type-product","3":"status-publish","5":"product_cat-maros-megyei-eletrajzi-lexikon","7":"first","8":"instock","9":"shipping-taxable","10":"product-type-simple"},"_links":{"self":[{"href":"https:\/\/uj.adatbank.ro\/lexikon\/wp-json\/wp\/v2\/product\/23686","targetHints":{"allow":["GET"]}}],"collection":[{"href":"https:\/\/uj.adatbank.ro\/lexikon\/wp-json\/wp\/v2\/product"}],"about":[{"href":"https:\/\/uj.adatbank.ro\/lexikon\/wp-json\/wp\/v2\/types\/product"}],"replies":[{"embeddable":true,"href":"https:\/\/uj.adatbank.ro\/lexikon\/wp-json\/wp\/v2\/comments?post=23686"}],"wp:attachment":[{"href":"https:\/\/uj.adatbank.ro\/lexikon\/wp-json\/wp\/v2\/media?parent=23686"}],"wp:term":[{"taxonomy":"product_brand","embeddable":true,"href":"https:\/\/uj.adatbank.ro\/lexikon\/wp-json\/wp\/v2\/product_brand?post=23686"},{"taxonomy":"product_cat","embeddable":true,"href":"https:\/\/uj.adatbank.ro\/lexikon\/wp-json\/wp\/v2\/product_cat?post=23686"},{"taxonomy":"product_tag","embeddable":true,"href":"https:\/\/uj.adatbank.ro\/lexikon\/wp-json\/wp\/v2\/product_tag?post=23686"}],"curies":[{"name":"wp","href":"https:\/\/api.w.org\/{rel}","templated":true}]}}