{"id":23687,"date":"2025-08-01T17:37:34","date_gmt":"2025-08-01T15:37:34","guid":{"rendered":"https:\/\/uj.adatbank.ro\/lexikon\/termek\/turay-janos-gergely-turai-janos-gergely\/"},"modified":"2025-08-01T17:37:34","modified_gmt":"2025-08-01T15:37:34","slug":"turay-janos-gergely-turai-janos-gergely","status":"publish","type":"product","link":"https:\/\/uj.adatbank.ro\/lexikon\/termek\/turay-janos-gergely-turai-janos-gergely\/","title":{"rendered":"TURAY J\u00e1nos Gergely, Turai J\u00e1nos Gergely"},"content":{"rendered":"<p>Arad, 1918., \u2020 ?: r. k. ferences szerzetes, tan\u00e1r. \u2013 Mv.-en \u00faj ferences h\u00e1zf\u0151n\u00f6k (1947). Egy\u00fctt B\u00e1ny\u00e1sz J\u00f3zseffel \u00e9s P\u00e1los Don\u00e1ttal a tan\u00edt\u00f3k\u00e9pz\u0151 Sz\u00e1szr\u00e9genbe val\u00f3 \u00e1thelyez\u00e9s\u00e9ig (1948-ig) hittant tan\u00edtottak. A sz\u00e1szr\u00e9geni \u00c1llami M. tannyelv\u0171 Tan\u00edt\u00f3n\u0151k\u00e9pz\u0151 tan\u00e1ra volt (1948\u2013). <br \/><strong>\u2013 Irod.:<\/strong> Csern\u00e1toni; Maros megyei t\u00f6rt.<\/br><\/p>\n","protected":false},"excerpt":{"rendered":"<p>Arad, 1918., \u2020 ?: r. k. ferences szerzetes, tan\u00e1r. \u2013 Mv.-en \u00faj ferences h\u00e1zf\u0151n\u00f6k (1947). Egy\u00fctt B\u00e1ny\u00e1sz J\u00f3zseffel \u00e9s P\u00e1los Don\u00e1ttal a tan\u00edt\u00f3k\u00e9pz\u0151 Sz\u00e1szr\u00e9genbe val\u00f3 \u00e1thelyez\u00e9s\u00e9ig (1948-ig) hittant tan\u00edtottak. A sz\u00e1szr\u00e9geni \u00c1llami M. tannyelv\u0171 Tan\u00edt\u00f3n\u0151k\u00e9pz\u0151 tan\u00e1ra volt (1948\u2013). \u2013 Irod.: Csern\u00e1toni; Maros megyei t\u00f6rt.<\/p>\n","protected":false},"featured_media":0,"comment_status":"open","ping_status":"closed","template":"","meta":[],"product_brand":[],"product_cat":[137],"product_tag":[],"class_list":{"0":"post-23687","1":"product","2":"type-product","3":"status-publish","5":"product_cat-maros-megyei-eletrajzi-lexikon","7":"first","8":"instock","9":"shipping-taxable","10":"product-type-simple"},"_links":{"self":[{"href":"https:\/\/uj.adatbank.ro\/lexikon\/wp-json\/wp\/v2\/product\/23687","targetHints":{"allow":["GET"]}}],"collection":[{"href":"https:\/\/uj.adatbank.ro\/lexikon\/wp-json\/wp\/v2\/product"}],"about":[{"href":"https:\/\/uj.adatbank.ro\/lexikon\/wp-json\/wp\/v2\/types\/product"}],"replies":[{"embeddable":true,"href":"https:\/\/uj.adatbank.ro\/lexikon\/wp-json\/wp\/v2\/comments?post=23687"}],"wp:attachment":[{"href":"https:\/\/uj.adatbank.ro\/lexikon\/wp-json\/wp\/v2\/media?parent=23687"}],"wp:term":[{"taxonomy":"product_brand","embeddable":true,"href":"https:\/\/uj.adatbank.ro\/lexikon\/wp-json\/wp\/v2\/product_brand?post=23687"},{"taxonomy":"product_cat","embeddable":true,"href":"https:\/\/uj.adatbank.ro\/lexikon\/wp-json\/wp\/v2\/product_cat?post=23687"},{"taxonomy":"product_tag","embeddable":true,"href":"https:\/\/uj.adatbank.ro\/lexikon\/wp-json\/wp\/v2\/product_tag?post=23687"}],"curies":[{"name":"wp","href":"https:\/\/api.w.org\/{rel}","templated":true}]}}