{"id":23689,"date":"2025-08-01T17:37:37","date_gmt":"2025-08-01T15:37:37","guid":{"rendered":"https:\/\/uj.adatbank.ro\/lexikon\/termek\/turc-ioan\/"},"modified":"2025-08-01T17:37:37","modified_gmt":"2025-08-01T15:37:37","slug":"turc-ioan","status":"publish","type":"product","link":"https:\/\/uj.adatbank.ro\/lexikon\/termek\/turc-ioan\/","title":{"rendered":"TURC, Ioan"},"content":{"rendered":"<p>? \u2020 ?: ort. pap. \u2013 Szolg\u00e1lt Mez\u0151pagocs\u00e1ban (1824\u201339). <br \/><strong>\u2013 Irod.:<\/strong> \u015eincan 2006.<\/br><\/p>\n","protected":false},"excerpt":{"rendered":"<p>? \u2020 ?: ort. pap. \u2013 Szolg\u00e1lt Mez\u0151pagocs\u00e1ban (1824\u201339). \u2013 Irod.: \u015eincan 2006.<\/p>\n","protected":false},"featured_media":0,"comment_status":"open","ping_status":"closed","template":"","meta":[],"product_brand":[],"product_cat":[137],"product_tag":[],"class_list":{"0":"post-23689","1":"product","2":"type-product","3":"status-publish","5":"product_cat-maros-megyei-eletrajzi-lexikon","7":"first","8":"instock","9":"shipping-taxable","10":"product-type-simple"},"_links":{"self":[{"href":"https:\/\/uj.adatbank.ro\/lexikon\/wp-json\/wp\/v2\/product\/23689","targetHints":{"allow":["GET"]}}],"collection":[{"href":"https:\/\/uj.adatbank.ro\/lexikon\/wp-json\/wp\/v2\/product"}],"about":[{"href":"https:\/\/uj.adatbank.ro\/lexikon\/wp-json\/wp\/v2\/types\/product"}],"replies":[{"embeddable":true,"href":"https:\/\/uj.adatbank.ro\/lexikon\/wp-json\/wp\/v2\/comments?post=23689"}],"wp:attachment":[{"href":"https:\/\/uj.adatbank.ro\/lexikon\/wp-json\/wp\/v2\/media?parent=23689"}],"wp:term":[{"taxonomy":"product_brand","embeddable":true,"href":"https:\/\/uj.adatbank.ro\/lexikon\/wp-json\/wp\/v2\/product_brand?post=23689"},{"taxonomy":"product_cat","embeddable":true,"href":"https:\/\/uj.adatbank.ro\/lexikon\/wp-json\/wp\/v2\/product_cat?post=23689"},{"taxonomy":"product_tag","embeddable":true,"href":"https:\/\/uj.adatbank.ro\/lexikon\/wp-json\/wp\/v2\/product_tag?post=23689"}],"curies":[{"name":"wp","href":"https:\/\/api.w.org\/{rel}","templated":true}]}}