{"id":23695,"date":"2025-08-01T17:37:52","date_gmt":"2025-08-01T15:37:52","guid":{"rendered":"https:\/\/uj.adatbank.ro\/lexikon\/termek\/turcu-ioan\/"},"modified":"2025-08-01T17:37:52","modified_gmt":"2025-08-01T15:37:52","slug":"turcu-ioan","status":"publish","type":"product","link":"https:\/\/uj.adatbank.ro\/lexikon\/termek\/turcu-ioan\/","title":{"rendered":"TURCU, Ioan"},"content":{"rendered":"<p>Mez\u0151pagocsa, 1816, \u2020 Bal\u00e1zsfalva, 1852. \u00e1pr. 29.: \u00edr\u00f3, g. kat. lelk\u00e9sz, tan\u00e1r. \u2013 Gimn\u00e1ziumot Mv.-en, l\u00edc.-ot Kv.-on, teol\u00f3gi\u00e1t Bal\u00e1zsfalv\u00e1n (1835\u201336 k\u00f6r\u00fcl) v\u00e9gzett, ahol papp\u00e1 szentelt\u00e9k (1841). Lelk\u00e9sz, p\u00fcsp\u00f6ki lev\u00e9lt\u00e1ros \u00e9s titk\u00e1r, tan\u00e1r Bal\u00e1zsfalv\u00e1n (1841\u201346), egyh\u00e1zt\u00f6rt\u00e9neti, k\u00e1nonjogi tan\u00e1r a teol\u00f3gi\u00e1n (1845. m\u00e1rc. 7. \u2013); Kv.-on esperes (1846\u201347), visszament a bal\u00e1zsfalvi tan\u00e1ri katedr\u00e1j\u00e1ra (1847\u2013). T\u00edz h\u00f3napig volt bez\u00e1rva Gyulafeh\u00e9rv\u00e1ron (1848), visszat\u00e9rt bal\u00e1zsfalvi katedr\u00e1j\u00e1ra \u00e9s konziszt\u00f3riumi titk\u00e1ri posztj\u00e1ra hal\u00e1l\u00e1ig. \u2013  <strong>F. m..:<\/strong> Lux operosae virtutis Illustrissimi ac Reverendissimi Domini Ioannis Lem\u00e9ny (Blaj, 1839), elbesz\u00e9l\u0151 k\u00f6ltem\u00e9ny\u00e9t Ioan Lem\u00e9ny tisztelet\u00e9re \u00edrta. <br \/><strong>\u2013 Irod.:<\/strong> Com\u015fa\u2013\u015eeiceanu; Cosma; Predescu.<\/br><\/p>\n","protected":false},"excerpt":{"rendered":"<p>Mez\u0151pagocsa, 1816, \u2020 Bal\u00e1zsfalva, 1852. \u00e1pr. 29.: \u00edr\u00f3, g. kat. lelk\u00e9sz, tan\u00e1r. \u2013 Gimn\u00e1ziumot Mv.-en, l\u00edc.-ot Kv.-on, teol\u00f3gi\u00e1t Bal\u00e1zsfalv\u00e1n (1835\u201336 k\u00f6r\u00fcl) v\u00e9gzett, ahol papp\u00e1 szentelt\u00e9k (1841). Lelk\u00e9sz, p\u00fcsp\u00f6ki lev\u00e9lt\u00e1ros \u00e9s titk\u00e1r, tan\u00e1r Bal\u00e1zsfalv\u00e1n (1841\u201346), egyh\u00e1zt\u00f6rt\u00e9neti, k\u00e1nonjogi tan\u00e1r a teol\u00f3gi\u00e1n (1845. m\u00e1rc. 7. \u2013); Kv.-on esperes (1846\u201347), visszament a bal\u00e1zsfalvi tan\u00e1ri katedr\u00e1j\u00e1ra (1847\u2013). T\u00edz h\u00f3napig volt [&hellip;]<\/p>\n","protected":false},"featured_media":0,"comment_status":"open","ping_status":"closed","template":"","meta":[],"product_brand":[],"product_cat":[137],"product_tag":[],"class_list":{"0":"post-23695","1":"product","2":"type-product","3":"status-publish","5":"product_cat-maros-megyei-eletrajzi-lexikon","7":"first","8":"instock","9":"shipping-taxable","10":"product-type-simple"},"_links":{"self":[{"href":"https:\/\/uj.adatbank.ro\/lexikon\/wp-json\/wp\/v2\/product\/23695","targetHints":{"allow":["GET"]}}],"collection":[{"href":"https:\/\/uj.adatbank.ro\/lexikon\/wp-json\/wp\/v2\/product"}],"about":[{"href":"https:\/\/uj.adatbank.ro\/lexikon\/wp-json\/wp\/v2\/types\/product"}],"replies":[{"embeddable":true,"href":"https:\/\/uj.adatbank.ro\/lexikon\/wp-json\/wp\/v2\/comments?post=23695"}],"wp:attachment":[{"href":"https:\/\/uj.adatbank.ro\/lexikon\/wp-json\/wp\/v2\/media?parent=23695"}],"wp:term":[{"taxonomy":"product_brand","embeddable":true,"href":"https:\/\/uj.adatbank.ro\/lexikon\/wp-json\/wp\/v2\/product_brand?post=23695"},{"taxonomy":"product_cat","embeddable":true,"href":"https:\/\/uj.adatbank.ro\/lexikon\/wp-json\/wp\/v2\/product_cat?post=23695"},{"taxonomy":"product_tag","embeddable":true,"href":"https:\/\/uj.adatbank.ro\/lexikon\/wp-json\/wp\/v2\/product_tag?post=23695"}],"curies":[{"name":"wp","href":"https:\/\/api.w.org\/{rel}","templated":true}]}}