{"id":23698,"date":"2025-08-01T17:37:57","date_gmt":"2025-08-01T15:37:57","guid":{"rendered":"https:\/\/uj.adatbank.ro\/lexikon\/termek\/turcu-victor\/"},"modified":"2025-08-01T17:37:57","modified_gmt":"2025-08-01T15:37:57","slug":"turcu-victor","status":"publish","type":"product","link":"https:\/\/uj.adatbank.ro\/lexikon\/termek\/turcu-victor\/","title":{"rendered":"TURCU, Victor"},"content":{"rendered":"<p>? \u2020 ?: tan\u00e1r. \u2013 A mv.-i Fels\u0151bb Kereskedelmi Isk.-ban tan\u00edtott (1927\u201341). A Nemzeti Parasztp\u00e1rt tagja, az OMP-tal k\u00f6z\u00f6s list\u00e1n szerepeltek a k\u00f6zigazgat\u00e1si v\u00e1laszt\u00e1sokon (1930). <br \/><strong>\u2013 Irod.:<\/strong> Bern\u00e1dy; \u00cenv. comercial econ.<\/br><\/p>\n","protected":false},"excerpt":{"rendered":"<p>? \u2020 ?: tan\u00e1r. \u2013 A mv.-i Fels\u0151bb Kereskedelmi Isk.-ban tan\u00edtott (1927\u201341). A Nemzeti Parasztp\u00e1rt tagja, az OMP-tal k\u00f6z\u00f6s list\u00e1n szerepeltek a k\u00f6zigazgat\u00e1si v\u00e1laszt\u00e1sokon (1930). \u2013 Irod.: Bern\u00e1dy; \u00cenv. comercial econ.<\/p>\n","protected":false},"featured_media":0,"comment_status":"open","ping_status":"closed","template":"","meta":[],"product_brand":[],"product_cat":[137],"product_tag":[],"class_list":{"0":"post-23698","1":"product","2":"type-product","3":"status-publish","5":"product_cat-maros-megyei-eletrajzi-lexikon","7":"first","8":"instock","9":"shipping-taxable","10":"product-type-simple"},"_links":{"self":[{"href":"https:\/\/uj.adatbank.ro\/lexikon\/wp-json\/wp\/v2\/product\/23698","targetHints":{"allow":["GET"]}}],"collection":[{"href":"https:\/\/uj.adatbank.ro\/lexikon\/wp-json\/wp\/v2\/product"}],"about":[{"href":"https:\/\/uj.adatbank.ro\/lexikon\/wp-json\/wp\/v2\/types\/product"}],"replies":[{"embeddable":true,"href":"https:\/\/uj.adatbank.ro\/lexikon\/wp-json\/wp\/v2\/comments?post=23698"}],"wp:attachment":[{"href":"https:\/\/uj.adatbank.ro\/lexikon\/wp-json\/wp\/v2\/media?parent=23698"}],"wp:term":[{"taxonomy":"product_brand","embeddable":true,"href":"https:\/\/uj.adatbank.ro\/lexikon\/wp-json\/wp\/v2\/product_brand?post=23698"},{"taxonomy":"product_cat","embeddable":true,"href":"https:\/\/uj.adatbank.ro\/lexikon\/wp-json\/wp\/v2\/product_cat?post=23698"},{"taxonomy":"product_tag","embeddable":true,"href":"https:\/\/uj.adatbank.ro\/lexikon\/wp-json\/wp\/v2\/product_tag?post=23698"}],"curies":[{"name":"wp","href":"https:\/\/api.w.org\/{rel}","templated":true}]}}